{"id":1023,"date":"2014-11-04T13:10:39","date_gmt":"2014-11-04T11:10:39","guid":{"rendered":"http:\/\/www.womex.org\/?page_id=1023"},"modified":"2015-02-23T11:00:12","modified_gmt":"2015-02-23T10:00:12","slug":"dissens-e-v","status":"publish","type":"page","link":"http:\/\/www.womex.org\/de\/praxisbeispiele-projekte\/dissens-institut-fuer-forschung-und-bildung-e-v\/","title":{"rendered":"Dissens Institut f\u00fcr Forschung und Bildung e.V."},"content":{"rendered":"<div class=\"divider\"><\/div>\n<div class=\"grey-box\">\n<p><strong>Projekt:<\/strong> diverse<br \/>\n<strong>Tr\u00e4ger:<\/strong> Dissens &#8211; Institut f\u00fcr Forschung und Bildung e.V.<br \/>\n<strong>Laufzeit \/ F\u00f6rderung:<\/strong> diverse<br \/>\n<a href=\"http:\/\/www.dissens.de\" target=\"_blank\">Homepage <\/a><\/div>\n<div class=\"divider\"><\/div>\n<div class=\"green-box\">\n<p><strong>Arbeitsfeld(er):<\/strong> Beratung und Fortbildung, Aufsuchende und Offene Jugendarbeit<br \/>\n<strong>Genderspezifik<\/strong> M\u00e4nnlichkeits- und Geschlechterforschung, Gleichstellungsf\u00f6rdeung, Forschung zu Gewalt in Geschlechterverh\u00e4ltnissen, geschlechterreflektierter P\u00e4dagogik und Bildung, Intersektionalit\u00e4t <\/div>\n<p><div class=\"divider\"><\/div> <div class=\"divider\"><\/div><\/p>\n<div class=\"two-columns-one\">\n<p>Dissens &#8211; Institut f\u00fcr Forschung und Bildung e.V. ist ein gemeinn\u00fctziger Verein mit Beratungs-, Bildungs-, Forschungs- und Jugendarbeitsprojekten. Der Verein wurde 1989 gegr\u00fcndet. Seine Ziele sind die F\u00f6rderung der Gleichstellung, der Abbau von Geschlechterhierarchien, insbesondere in der Berufsarbeit, und die Pr\u00e4vention von Gewalt mit einem Fokus auf M\u00e4nner und m\u00e4nnliche Jugendliche als Opfer und T\u00e4ter. Dabei ist Dissens auf lokaler, bundesweiter und internationaler Ebene t\u00e4tig.<\/p>\n<p style=\"text-align: justify;\"><span style=\"color: #009999;\"><strong>Schwerpunkte<\/strong><\/span><br \/>\nDissens \u2013 \u00a0Institut f\u00fcr Bildung und Forschung arbeitet zu kritischer M\u00e4nnlichkeits- und Geschlechterforschung, F\u00f6rderung der Gleichstellung aller Geschlechter, Forschung zu Gewalt in Geschlechterverh\u00e4ltnissen, geschlechterreflektierter P\u00e4dagogik und Bildung sowie Intersektionalit\u00e4t. Inhaltliche Schwerpunkte der letzten Jahre waren: Geschlechterreflektierte P\u00e4dagogik und P\u00e4dagogik aus intersektionaler Perspektive, Zusammenh\u00e4nge von Rechtsextremismus bzw. Neonazismus und Geschlecht, spezifische Folgen von sexualisierter Gewalt gegen m\u00e4nnliche Kinder und Jugendliche, Qualit\u00e4tsstandards bei der T\u00e4terarbeit im Bereich der Gewalt in Partnerschaften.<\/p>\n<p style=\"text-align: justify;\"><strong><span style=\"color: #009999;\">Angebote<\/span><\/strong><br \/>\nDer Verein f\u00fchrt auf internationaler sowie Bundes- und Landesebene Forschungsprojekte koordinierend oder als Partnerorganisation durch, entwickelt Fortbildungskonzepte, bietet Fortbildungsveranstaltungen vorwiegend f\u00fcr P\u00e4dagog_innen an und verbreitet die entwickelten Forschungsergebnisse und Fortbildungskonzepte durch Vortr\u00e4ge, die Organisation eigener Veranstaltungen und Publikationen.<\/p>\n<p style=\"text-align: justify;\"><span style=\"color: #009999;\"><strong>Praxis \u2013 Forschung<\/strong><\/span><br \/>\nDabei verfolgt Dissens \u2013 Institut f\u00fcr Bildung und Forschung einen Ansatz der Praxis-Forschung, in dem Grenzziehungen zwischen Wissenschaft und p\u00e4dagogischer, beratender und politischer Praxis immer wieder \u00fcberschritten oder unterlaufen werden. P\u00e4dagogische, beratende und politische Praxen sind Gegenstand wissenschaftlicher Reflexionen, dabei werden die Ergebnisse Forschungspraxis auf Fragestellungen der p\u00e4dagogischen, beratenden und politischen Praxis \u00fcbertragen.<\/p>\n<p style=\"text-align: justify;\"><strong><span style=\"color: #009999;\">Vernetzung<\/span><\/strong><br \/>\nAls Organisation oder durch Mitarbeiter_innen ist Dissens \u2013 Institut f\u00fcr Bildung und Forschung in vielen Verb\u00e4nden und Netzwerken vertreten. Dissens ist u.a. Gr\u00fcndungsmitglied des Bundesforum M\u00e4nner \u2013 Interessenverband f\u00fcr Jungen, M\u00e4nner und V\u00e4ter e.V., der Bundesarbeitsgemeinschaft Jungenarbeit e.V. sowie des 2014 gegr\u00fcndeten European Network for the Work with Perpetrators of Domestic Violence e.V. Dissens engagiert sich auch im Bundesweiten Netzwerk M\u00e4nnlichkeiten, Migration und Mehrfachzugeh\u00f6rigkeiten sowie im Arbeitskreis Geschlechterreflektierende Rechtsextremismuspr\u00e4vention bei der Amadeu Antonio Stiftung und koordiniert die Berliner Fachrunde Jungenarbeit.<\/p>\n<\/div>\n<div class=\"two-columns-one last\"><\/div>\n<p><strong><span style=\"color: #009999;\">Aktuelle Projekte<\/span><\/strong><\/p>\n<p style=\"text-align: justify;\"><span style=\"color: #009999;\">Aufdeckung und Pr\u00e4vention von sexualisierter Gewalt gegen m\u00e4nnlichen Kinder und Jugendliche August 2013 &#8211; Juli 2016<\/span> In diesem Projekt werden anhand biografischer, multidimensionaler Rekonstruktion von Aufdeckungsprozessen L\u00fccken und Wege im Hilfeangebot f\u00fcr m\u00e4nnliche Betroffene sexualisierter Gewalt aufgezeigt und Empfehlungen und Fortbildungsmodule entwickelt.<\/p>\n<p style=\"text-align: justify;\"><span style=\"color: #009999;\">Evaluation of European Perpetrator Programs (&#8222;IMPACT&#8220;, Daphne-III) <\/span>T\u00e4terarbeits-Programme im Bereich der Gewalt in Partnerschaften in Hinblick auf erh\u00f6hte Sicherheit von Frauen und Kindern zu evaluieren ist ein wichtiges Anliegen f\u00fcr Politik und Praxis.<\/p>\n<p style=\"text-align: justify;\"><span style=\"color: #009999;\">M\u00e4dchen- und Jungenbilder im Neonazismus &#8212; Fortbildung, Praxisprojekte und Beratung f\u00fcr eine Pr\u00e4ventionsarbeit<\/span>, <span style=\"color: #009999;\">Juni 2013 bis November 2015 <\/span>In der Neonazismus-\/Rechtsextremismuspr\u00e4vention wird die Bedeutung von Geschlecht bei Jugendlichen mit rechten Orientierungen bisher vernachl\u00e4ssigt. M\u00e4nnlichkeits- und Weiblichkeitsinszenierungen spielen aber eine bedeutsame Rolle in rechten Lebenswelten und sind zentral f\u00fcr Hinwendungsprozesse von Kindern und Jugendlichen. Auf dem Feld der Pr\u00e4vention geschlechterreflektierend t\u00e4tig zu werden und p\u00e4dagogisch t\u00e4tige Fachkr\u00e4fte zu sensibilisieren, ist erfolgversprechend und im besten Sinne pr\u00e4ventiv. In diesem Sinne wird in dem Projekt eine geschlechterreflektierte Neonazismuspr\u00e4vention weiterentwickelt und Fachkr\u00e4fte der Kinder- und Jugendarbeit in den Bundesl\u00e4ndern Berlin, Brandenburg, Sachsen-Anhalt, Bayern fortgebildet und bei Praxisprojekten begleitet. Das Projekt ist gef\u00f6rdert von Aktion Mensch e.V., der Heidehof-Stiftung und der Stiftung Gro\u00dfes Waisenhaus zu Potsdam.<\/p>\n<p style=\"text-align: justify;\"><span style=\"color: #009999;\">M\u00e4nnlichkeit(en) und Rechtsextremismus, Laufzeit 2011-2014 <\/span>Das Projekt erforscht den Zusammenhang von Rechtsextremismus und M\u00e4nnlichkeiten und geht der Frage nach, welche Bedeutung Konstruktionen von und Anforderungen an M\u00e4nnlichkeit im modernen Rechtsextremismus beizumessen ist.<\/p>\n<p style=\"text-align: justify;\"><span style=\"color: #009999;\"><strong>Abgeschlossene Projekte zu geschlechterreflektierter P\u00e4dagogik<\/strong><\/span><\/p>\n<p style=\"text-align: justify;\"><span style=\"color: #009999;\">Geschlechterreflektierte Arbeit mit Jungen an der Schule<\/span> Fortbildungsangebote und Website mit Texten zu P\u00e4dagogik und Geschlecht mit Jungen und Menschen anderer Geschlechter<\/p>\n<p style=\"text-align: justify;\"><span style=\"color: #009999;\">Gender Loops<\/span> Methoden, Instrumente und Strategien zur F\u00f6rderung der Gleichberechtigung von Jungen und M\u00e4dchen \/ M\u00e4nnern und Frauen in der fr\u00fchkindlichen Bildung<\/p>\n<p style=\"text-align: justify;\"><span style=\"color: #009999;\">Wissenschaftliche Begleitung des Projekts &#8222;Neue Wege f\u00fcr Jungs&#8220;<\/span> Die Ergebnisse sind auf der Seite von Neue Wege f\u00fcr Jungs ver\u00f6ffentlicht<\/p>\n<div class=\"divider\"><\/div>\n<p><span style=\"color: #009999;\"><strong>Kontakt:\u00a0<\/strong><\/span><br \/>\nDissens \u2013 Institut f\u00fcr Bildung und Forschung e.V.<br \/>\nAllee der Kosmonauten 67<\/p>\n<p>D-12681 Berlin<\/p>\n<p>Tel.\u00a0 030 &#8211; 54 98 75-30<br \/>\nFax\u00a0 030 &#8211; 54 98 75-31<\/p>\n<p>dissens[at]dissens.de<br \/>\n<span style=\"color: #000080;\"><a href=\"http:\/\/www.dissens.de\/\" target=\"_blank\">www.dissens.de<\/a><\/span><\/p>\n<p style=\"text-align: right;\"><a href=\"#top\">nach oben<\/a><\/p>\n","protected":false},"excerpt":{"rendered":"<p>Aktuelle Projekte Aufdeckung und Pr\u00e4vention von sexualisierter Gewalt gegen m\u00e4nnlichen Kinder und Jugendliche August 2013 &#8211; Juli 2016 In diesem Projekt werden anhand biografischer, multidimensionaler Rekonstruktion von Aufdeckungsprozessen L\u00fccken und Wege im Hilfeangebot f\u00fcr m\u00e4nnliche &hellip; <a href=\"http:\/\/www.womex.org\/de\/praxisbeispiele-projekte\/dissens-institut-fuer-forschung-und-bildung-e-v\/\">Weiterlesen<\/a><\/p>\n","protected":false},"author":3,"featured_media":0,"parent":23,"menu_order":0,"comment_status":"closed","ping_status":"closed","template":"","meta":[],"_links":{"self":[{"href":"http:\/\/www.womex.org\/de\/wp-json\/wp\/v2\/pages\/1023"}],"collection":[{"href":"http:\/\/www.womex.org\/de\/wp-json\/wp\/v2\/pages"}],"about":[{"href":"http:\/\/www.womex.org\/de\/wp-json\/wp\/v2\/types\/page"}],"author":[{"embeddable":true,"href":"http:\/\/www.womex.org\/de\/wp-json\/wp\/v2\/users\/3"}],"replies":[{"embeddable":true,"href":"http:\/\/www.womex.org\/de\/wp-json\/wp\/v2\/comments?post=1023"}],"version-history":[{"count":54,"href":"http:\/\/www.womex.org\/de\/wp-json\/wp\/v2\/pages\/1023\/revisions"}],"predecessor-version":[{"id":1963,"href":"http:\/\/www.womex.org\/de\/wp-json\/wp\/v2\/pages\/1023\/revisions\/1963"}],"up":[{"embeddable":true,"href":"http:\/\/www.womex.org\/de\/wp-json\/wp\/v2\/pages\/23"}],"wp:attachment":[{"href":"http:\/\/www.womex.org\/de\/wp-json\/wp\/v2\/media?parent=1023"}],"curies":[{"name":"wp","href":"https:\/\/api.w.org\/{rel}","templated":true}]}}