{"id":1059,"date":"2014-11-04T16:26:15","date_gmt":"2014-11-04T15:26:15","guid":{"rendered":"http:\/\/www.womex.org\/?page_id=1059"},"modified":"2015-02-12T18:25:18","modified_gmt":"2015-02-12T17:25:18","slug":"mut-vor-ort","status":"publish","type":"page","link":"http:\/\/www.womex.org\/de\/praxisbeispiele-projekte\/mut-vor-ort\/","title":{"rendered":"AGJF Sachsen e.V.: Modellprojekt Mut vor Ort"},"content":{"rendered":"<div class=\"divider\"><\/div>\n<p>&nbsp;<\/p>\n<div class=\"grey-box\">\n<p><strong>Projekt:<\/strong> Mut vor Ort \u2013 Ein Modellprojekt zur geschlechterreflektierende Pr\u00e4ventionsarbeit gegen Neonazismus<br \/>\n<strong>Tr\u00e4ger:<\/strong> Arbeitsgemeinschaft Jugendfreizeitst\u00e4tten (AGJF) Sachsen e.V.<br \/>\n<strong>Laufzeit\/F\u00f6rderung:<\/strong> 2011-2014. Das Modellprojekt wurde durch das Bundesministerium f\u00fcr Familie, Senioren, Frauen und Jugend (BMFSFJ) im Rahmen des Programms &#8222;TOLERANZ F\u00d6RDERN &#8211; KOMPETENZ ST\u00c4RKEN&#8220;, durch das Land Sachsen im Rahmen des Programms &#8222;Weltoffenes Sachsen f\u00fcr Demokratie und Toleranz&#8220; sowie durch die Heidehof-Stiftung gef\u00f6rdert.<br \/>\n<a href=\"http:\/\/www.mut-vor-ort.de\/\" target=\"_blank\">Homepage<\/a><\/p>\n<\/div><div class=\"divider\"><\/div><\/p>\n<div class=\"green-box\">\n<p><strong>Arbeitsfeld(er):<\/strong> Beratung und Fortbildung<br \/>\n<strong>Genderspezifik:<\/strong> Thematisierung der Verflechtung von Geschlechtssozialisation und neonazistischen Orientierungen, durch eine geschlechterreflektierende Arbeit die Pr\u00e4ventions- und Interventionsm\u00f6glichkeiten gegen Fremdenfeindlichkeit, Rassismus, Antisemitismus und Gewalt von Kindern und Jugendlichen erweitern<\/p>\n<\/div><br \/>\n<div class=\"divider\"><\/div> <div class=\"divider\"><\/div><\/p>\n<p style=\"text-align: justify;\"><div class=\"two-columns-one\">\n<p style=\"text-align: justify;\">In der Arbeit mit \u201erechtsextrem\u201c orientierten bzw. gef\u00e4hrdeten Jugendlichen ger\u00e4t die Kategorie Geschlecht noch h\u00e4ufig aus dem Blick. Das jugendkulturelle Auftreten in rechten Szenezusammenh\u00e4ngen mit Intergruppenkonflikten und \u201emachohaften\u201c M\u00e4nnlichkeitsmustern scheint insbesondere das Bed\u00fcrfnis von Jungen und jungen M\u00e4nnern mit traditionellen maskulinen Geschlechtsrollenorientierungen anzusprechen, die darauf vertrauen, notfalls mit Gewalt sicherstellen zu k\u00f6nnen, wer \u201eHerr im Hause\u201c ist.<\/p>\n<p style=\"text-align: justify;\">Aber auch Frauen und M\u00e4dchen spielen eine Rolle in neofaschistischen Zusammenh\u00e4ngen und rechtsoffenen Jugendszenen, \u00fcbernehmen hier Aufgaben und finden Ankn\u00fcpfungspunkte entweder in traditionellen Rollen oder in einer \u201eEmanzipation\u201c als politische Frau. Diese Zusammenh\u00e4nge galt es n\u00e4her zu betrachten und eingehend zu bearbeiten, vor allem was das f\u00fcr die p\u00e4dagogische Haltung und Konzepte im Alltag bedeuten kann.<\/p>\n<p style=\"text-align: justify;\">Eine geschlechterreflektierende Haltung in der Jugendarbeit erm\u00f6glicht es Benachteiligungen abzubauen, Gleichberechtigung zu f\u00f6rdern und individuelle Handlungsm\u00f6glichkeiten f\u00fcr die Jugendlichen zu gestalten. Im Kontext der Arbeit gegen Neonazismus schafft eine solche Perspektive die Voraussetzung, demokratiefeindliche Orientierungen von Jungen und M\u00e4dchen sowie geschlechtsbezogene Einstiegs- und Abgrenzungsmomente wahrzunehmen und zu bearbeiten. Jugendarbeit, die sich kritisch mit Ungleichwertigkeits- und Nat\u00fcrlichkeitsannahmen auseinander setzt, kann pr\u00e4ventiv und nachhaltig gegen Neonazismus wirken.<\/p>\n<p style=\"text-align: justify;\">Doch wie ist eine geschlechterreflektierende, um Demokratisierung bem\u00fchte Haltung bei Fachkr\u00e4ften der Jugendarbeit und in ihren Einrichtungen konkret umsetzbar? Was braucht es dazu vor Ort? Was bedeutet der Zusammenhang von Geschlechtervorstellungen und neonazistischer Orientierung f\u00fcr die Praxis?<\/p>\n<\/div><\/p>\n<p style=\"text-align: justify;\"><div class=\"two-columns-one last\">\n<p style=\"text-align: justify;\">Wie kann eine geschlechterreflektierende Perspektive auf Neonazismus in die Beziehungsgestaltung mit Jugendlichen einflie\u00dfen?<\/p>\n<p style=\"text-align: justify;\">Das Projekt \u201eMut vor Ort\u201c ist diesen Fragestellungen gemeinsam mit Fachkr\u00e4ften der Jugendarbeit in der Praxis, ausgehend von konkretem Bedarf und von F\u00e4llen, nachgegangen.<\/p>\n<p style=\"text-align: justify;\">An verschiedenen Standorten mit Projekten der Jugendhilfe in Sachsen, die im Alltag mit neonazistisch orientierten Jungen und M\u00e4dchen arbeiteten, wurden die Fachkr\u00e4fte vor Ort \u00fcber einen Zeitraum von zwei Jahren begleitet und beraten. W\u00e4hrend dieser Beratungsphase wurden Rahmenbedingungen, Grundlagen und Grenzsetzungen in der Arbeit mit neonazistisch orientierten Jugendlichen, der Umgang mit Diskriminierungen, sowie die Gestaltung eines demokratischen Raums und einer geschlechterreflektierenden Perspektive bearbeitet. Dabei sollte eine geschlechterreflektierende Arbeit an den Modellstandorten als professionelles Angebot der Jugendhilfe zur Auseinandersetzung mit menschenfeindlichen Einstellungen etabliert werden.<\/p>\n<p style=\"text-align: justify;\">Auf Grundlage einer Situationsanalyse wurden vorhandene Konzepte und die Praxis \u00fcberpr\u00fcft und zusammen mit den Fachkr\u00e4ften \u00fcberarbeitet und weiterentwickelt. Dabei reflektierten regelm\u00e4\u00dfige Supervisionen, Qualifizierungen, Teamentwicklung und Fallberatungen den Prozess. Das Projekt umfasste neben der Arbeit mit den p\u00e4dagogischen Teams auch konkrete Aktionen mit den Jugendlichen der Einrichtungen.<\/p>\n<p style=\"text-align: justify;\">Im Ergebnis liegen \u00fcbertragbare Konzepte vor und die Inhalte sind dreifach nachhaltig verankert: bei den Fachkr\u00e4ften, in den Konzepten der Einrichtungen sowie davon ausgehend in lokalen und regionalen Netzwerken, bis hin zur S\u00e4chsischen Jugendhilfe. Die Ergebnisse und Erfahrungen wurden in Tagungen und Publikationen der \u00d6ffentlichkeit vorgestellt und diskutiert.<\/p>\n<\/div><\/p>\n<p><div class=\"divider\"><\/div> <div class=\"divider\"><\/div><\/p>\n<p><span style=\"color: #009999;\"><strong>Kontakt<\/strong><\/span><br \/>\nArbeitsgemeinschaft Jugendfreizeitst\u00e4tten (AGJF) Sachsen e.V.<br \/>\nProjekt \u201eMut vor Ort\u201c<br \/>\nNeefestra\u00dfe 82<\/p>\n<p>09119 Chemnitz<\/p>\n<p>Enrico Glaser (Projektkoordination), Karola Jarczewski (Beratung)<\/p>\n<p>Tel.: 0371 \/ 533 64 20 , 0371 \/ 533 64 24<br \/>\nFax: 0371 \/ 533 64 26<br \/>\nmut-vor-ort[at]agjf-sachsen.de<br \/>\n<a href=\"http:\/\/www.mut-vor-ort.de\">www.mut-vor-ort.de<\/a><\/p>\n<p style=\"text-align: right;\"><a href=\"#top\">nach oben<\/a><\/p>\n<p>[\/two_columns_one_last]<\/p>\n<p><div class=\"divider\"><\/div> <div class=\"divider\"><\/div><\/p>\n","protected":false},"excerpt":{"rendered":"<p>&nbsp; Kontakt Arbeitsgemeinschaft Jugendfreizeitst\u00e4tten (AGJF) Sachsen e.V. Projekt \u201eMut vor Ort\u201c Neefestra\u00dfe 82 09119 Chemnitz Enrico Glaser (Projektkoordination), Karola Jarczewski (Beratung) Tel.: 0371 \/ 533 64 20 , 0371 \/ 533 64 24 Fax: 0371 &hellip; <a href=\"http:\/\/www.womex.org\/de\/praxisbeispiele-projekte\/mut-vor-ort\/\">Weiterlesen<\/a><\/p>\n","protected":false},"author":3,"featured_media":0,"parent":23,"menu_order":0,"comment_status":"closed","ping_status":"closed","template":"","meta":[],"_links":{"self":[{"href":"http:\/\/www.womex.org\/de\/wp-json\/wp\/v2\/pages\/1059"}],"collection":[{"href":"http:\/\/www.womex.org\/de\/wp-json\/wp\/v2\/pages"}],"about":[{"href":"http:\/\/www.womex.org\/de\/wp-json\/wp\/v2\/types\/page"}],"author":[{"embeddable":true,"href":"http:\/\/www.womex.org\/de\/wp-json\/wp\/v2\/users\/3"}],"replies":[{"embeddable":true,"href":"http:\/\/www.womex.org\/de\/wp-json\/wp\/v2\/comments?post=1059"}],"version-history":[{"count":10,"href":"http:\/\/www.womex.org\/de\/wp-json\/wp\/v2\/pages\/1059\/revisions"}],"predecessor-version":[{"id":1887,"href":"http:\/\/www.womex.org\/de\/wp-json\/wp\/v2\/pages\/1059\/revisions\/1887"}],"up":[{"embeddable":true,"href":"http:\/\/www.womex.org\/de\/wp-json\/wp\/v2\/pages\/23"}],"wp:attachment":[{"href":"http:\/\/www.womex.org\/de\/wp-json\/wp\/v2\/media?parent=1059"}],"curies":[{"name":"wp","href":"https:\/\/api.w.org\/{rel}","templated":true}]}}