{"id":1085,"date":"2014-11-06T18:34:49","date_gmt":"2014-11-06T17:34:49","guid":{"rendered":"http:\/\/www.womex.org\/?page_id=1085"},"modified":"2015-02-23T10:35:56","modified_gmt":"2015-02-23T09:35:56","slug":"imma-e-v","status":"publish","type":"page","link":"http:\/\/www.womex.org\/de\/praxisbeispiele-projekte\/imma-e-v-initiative-fuer-muenchner-maedchen\/","title":{"rendered":"IMMA e.V.- Initiative f\u00fcr M\u00fcnchner M\u00e4dchen"},"content":{"rendered":"<p><div class=\"divider\"><\/div> <div class=\"divider\"><\/div> <div class=\"grey-box\"> <strong>Projekt:<\/strong> diverse<br \/>\n<strong>Tr\u00e4ger:<\/strong> IMMA e.V.- Initiative f\u00fcr M\u00fcnchner M\u00e4dchen<br \/>\n<strong>Laufzeit \/ F\u00f6rderung:<\/strong> Als freier Tr\u00e4ger der Jugendhilfe erh\u00e4lt IMMA F\u00f6rdermittel in Form von Zusch\u00fcssen und Tagesentgelten vom Sozialreferat der Landeshauptstadt M\u00fcnchen<\/div><div class=\"divider\"><\/div><div class=\"green-box\"> <strong>Genderspezifik:<\/strong> Besondere Ber\u00fccksichtigung der Lebenslagen von M\u00e4dchen und jungen Frauen im Kontext von Gewalt <a href=\"http:\/\/www.imma.de\">Homepage<\/a><\/div> <div class=\"divider\"><\/div><\/p>\n<p style=\"text-align: justify;\"><div class=\"two-columns-one\">\n<p style=\"text-align: justify;\">Zweck des Vereins\u00a0ist die Verbesserung der Situation von M\u00e4dchen und jungen Frauen und die F\u00f6rderung der Arbeit mit M\u00e4dchen und jungen Frauen. \u00dcbergeordnetes Ziel ist es, M\u00e4dchen und junge Frauen in verschiedenen Problemlagen so zu unterst\u00fctzen, dass sie selbstbestimmt und gleichberechtigt ihren Platz in allen \u00f6ffentlichen und privaten Lebensbereichen einnehmen k\u00f6nnen. Um diese Ziele umzusetzen arbeitet der Verein auf Grundlage feministisch-parteilicher und systemischer Ans\u00e4tze mit interkultureller Ausrichtung.<\/p>\n<p style=\"text-align: justify;\">IMMA e.V. verfolgt einen integrierten Ansatz, der sowohl Schutz und Beratung f\u00fcr M\u00e4dchen in besonderen Lebenslagen bietet sowie auch Interventionsma\u00dfnahmen bereit h\u00e4lt, wie etwa spezifische Antigewalttrainings f\u00fcr M\u00e4dchen als Aus\u00fcbende von psychischer und physischer Gewalt.<\/p>\n<p style=\"text-align: justify;\"><span style=\"color: #009999;\"><strong>Zora Gruppen und Schulprojekte<\/strong><\/span><\/p>\n<p style=\"text-align: justify;\">Zora Gruppen und Schulprojekte von IMMA e.V. hat verschiedene Gruppenangebote f\u00fcr M\u00e4dchen und junge Frauen zwischen 11 und 27 Jahre entwickelt. Dabei gibt es zum einen Pr\u00e4ventionsangebote f\u00fcr Schulen und zum anderen geschlechtsspezifische Trainings f\u00fcr gewaltbereite M\u00e4dchen, die durch physisches und\/oder verbal aggressives Verhalten z.B. durch Beleidigungen, Drohungen, Schikanieren, Schl\u00e4gern oder Erpressen auffallen. Dar\u00fcber hinaus gibt es eine Gruppe, um junge Lesben in ihrer Sozialisation zu unterst\u00fctzen. <strong> <\/strong><\/p>\n<p style=\"text-align: justify;\"><span style=\"color: #009999;\"><strong>Trainings f\u00fcr gewaltbereite M\u00e4dchen<\/strong><\/span><\/p>\n<p style=\"text-align: justify;\">Die IMMA e.V. Antigewalttrainings sind im wesentlichen aufgebaut in folgenden Arbeitsschritten: Vertrauensaufbau, biografische Erfahrungen, Familie, Freundschaft und Beziehungen, Gewalterfahrungen und Gewalthandeln, Bearbeitung von akuten Handlungsszenen, Anbahnung und Ausl\u00f6ser von Aggression und Gewalt, Handlungsalternativen entwickeln. Grundlage sind die AAT \u00ae Trainings.<\/p>\n<p style=\"text-align: justify;\">Jedes M\u00e4dchen steht mit seinem Thema zum Gewalthandeln im Fokus. Die Gruppe greift das thematisch auf, \u00fcberlegt Szenen, um Handlungs\u00e4nderungen in \u00e4hnlichen Situationen anzuregen. Die Settings folgen keiner Besch\u00e4mungslogik. Vielmehr arbeitet die Gruppe gemeinsam an Hilfestellungen. Ein wichtiges Element der Trainings ist die Reflexion der Bedeutung vom eigenen Geschlecht, genderspezifischen Zusammenh\u00e4ngen bei Gewalthandlungen u.a.<\/p>\n<p style=\"text-align: justify;\"><span style=\"color: #009999;\"><strong>&#8222;Mut zur Ver\u00e4nderung&#8220; Langzeitintervention<\/strong><\/span><\/p>\n<p style=\"text-align: justify;\">Geeignet f\u00fcr gewaltbereite M\u00e4dchen, auch gut als Aufbau nach dem Kurztraining &#8222;cool for life&#8220;. Zeitrahmen: 24 x 3 Stunden \u00fcber einen Zeitraum von 6 Monaten. Der Kurs findet ab einer Teilnehmerinnenanzahl von f\u00fcnf M\u00e4dchen statt.\u00a0Alter: ab 14 Jahre.<\/p>\n<p style=\"text-align: justify;\"><span style=\"color: #009999;\">Ziele und Inhalte:<\/span><\/p>\n<ul>\n<li>Verhaltens\u00e4nderung in Richtung Abbau des gewaltt\u00e4tigen Verhaltens<\/li>\n<li>Konfrontation mit der\/den Tat\/en und damit Verantwortungs\u00fcbernahme f\u00fcr das eigene gewaltt\u00e4tige Verhalten<\/li>\n<li>Erlernen prosozialer und gewaltfreier Verhaltensweisen<\/li>\n<li>Erlernen eines konstruktiven Umgangs mit Aggressivit\u00e4t vor dem Hintergrund der Reflexion der eigenen Geschlechterrolle<\/li>\n<li>Erh\u00f6hung des Selbstbewusstseins und der eigenen Wertsch\u00e4tzung<\/li>\n<li>Verbesserung der Chancen an formalen Bildungsprozessen teilzunehmen<\/li>\n<li>Vermittlung zu weiteren Hilfsangeboten<\/li>\n<\/ul>\n<p><span style=\"color: #009999;\">Methoden:<\/span> Das Training ist an die Standards des AAT \u00ae + Coolness Trainings, sowie des AGT\/KRT angelehnt. Desweiteren verwenden wir erlebnisp\u00e4dagogische und theaterp\u00e4dagogische Elemente. <div class=\"divider\"><\/div><\/p>\n<div>\n<dl id=\"attachment_1172\">\n<dt><a href=\"http:\/\/www.womex.org\/wp-content\/uploads\/2014\/11\/2013-09-25-Organigramm-IMMA-ohne-Logo-orange.jpg\"><img loading=\"lazy\" alt=\"Organigramm Imma e.V.\" src=\"http:\/\/www.womex.org\/wp-content\/uploads\/2014\/11\/2013-09-25-Organigramm-IMMA-ohne-Logo-orange-500x350.jpg\" width=\"500\" height=\"350\" \/><\/a><\/dt>\n<dd>Organigramm Imma e.V.<\/dd>\n<\/dl>\n<\/div>\n<p><div class=\"divider\"><\/div> <strong><\/strong> <\/div> <div class=\"two-columns-one last\"> <strong><span style=\"color: #009999;\">&#8222;Cool for life&#8220; Kurzeitintervention vor allem auch mit j\u00fcngeren M\u00e4dchen<\/span><\/strong> Der Kurzworkshop ist geeignet f\u00fcr M\u00e4dchen und junge Frauen an Schulen und aus sozialp\u00e4dagogischen Betreuungen wie AEH, SBH, Wohngruppen. Der Workshop umfasst\u00a06 Termine \u00e0 2 Stunden.\u00a0Training ist 1 x w\u00f6chentlich, nachmittags.\u00a0Ab f\u00fcnf M\u00e4dchen kann ein Kurs gestartet werden.\u00a0Alter: ab 12 Jahre.\u00a0 Voraussetzung zur Kursteilnahme ist ein Einzeltermin und ein Vortreffen in der Gruppe vor dem Training. <span style=\"color: #009999;\">Ziele und Inhalte des Workshops:<\/span><\/p>\n<ul>\n<li>Erweiterung der Sozialkompetenzen, wie Kommunikation und K\u00f6rpersprache, Gef\u00fchle und Einf\u00fchlungsverm\u00f6gen<\/li>\n<li>Konfrontation mit der Tat und damit Verantwortungs\u00fcbernahme f\u00fcr das eigene gewaltt\u00e4tige Verhalten<\/li>\n<li>Steigerung der Bereitschaft am eigenen Gewaltverhalten zu arbeiten und es zu ver\u00e4ndern z.B. durch Erarbeiten der eigenen Gewaltspirale und des Wutbarometers<\/li>\n<li>Ein\u00fcben von neuen, gewaltfreien und prosozialen Verhaltensweisen durch Rollenspiele<\/li>\n<li>Wachstum emotionaler, kognitiver und sozialer Ressourcen durch die Arbeit in der Gruppe<\/li>\n<\/ul>\n<p><span style=\"color: #009999;\">Methoden:<\/span> Elemente aus dem AAT\u00ae-, Coolness- und Sozialkompetenztraining, spielerische Elemente, Rollenspiele, Videoarbeit, Entspannungstechniken, erlebnisp\u00e4dagogische Methoden<\/p>\n<p style=\"text-align: justify;\"><span style=\"color: #009999;\"><strong>VIP \u2013 girls using violence \u2013 Intervention and Prevention<\/strong><\/span><\/p>\n<p style=\"text-align: justify;\">Seit 2011 arbeitet IMMA e.V. auf internationaler Ebene zum Thema \u201eGewalt aus\u00fcbende M\u00e4dchen\u201c. 2013 begann das daphne Projekt mit dem Namen \u201eVIP \u2013 girls using violence \u2013\u00a0 Intervention and Prevention\u201c. \u00dcber zwei Jahre forschen und arbeiten die L\u00e4nder Deutschland, Norwegen, Schweden, Polen, Spanien, England (UK) und Wales gemeinsam an dem Thema \u201egewaltt\u00e4tige M\u00e4dchen und junge Frauen\u201c. Das Projekt will \u201ebest practice\u201c- Beispiele aufzeigen, die mit Gewalt aus\u00fcbenden M\u00e4dchen arbeiten. Dabei wird ein Leitfaden erarbeitet, der die besten Methoden und Praktiken auflistet.<\/p>\n<p style=\"text-align: justify;\">Ein H\u00f6hepunkt des zweij\u00e4hrigen EU-Projektes mit dem Titel \u201egirls using violence- intervention and prevention\u201c war das internationale Jugendtreffen im Sommer 2014 in der Jugendherberge Burg Schwaneck in Pullach. Vom 13.-15. Juni trafen sich 15 M\u00e4dchen und junge Frauen mit ihren 15 BetreuerInnen sowie das EU-Projektteam mit 18 Personen, um ihre Erfahrungen auszutauschen sowie n\u00fctzliche Informationen zu Interventionsma\u00dfnahmen zu reflektieren. Die ehemals Gewalt aus\u00fcbenden M\u00e4dchen und junge Frauen sind im Alter zwischen 15 und 22 Jahren und kamen aus Polen, England, Wales, Spanien, Norwegen, Schweden sowie Deutschland. N\u00e4here Infos <a href=\"http:\/\/www.imma.de\/news\/news-detail-daphne\/article\/daphne.html\">hier<\/a> und <a href=\"http:\/\/www.interventionandprevention.com\/\">hier<\/a>.<\/p>\n<p style=\"text-align: justify;\"><span style=\"color: #009999;\"><strong>Weitere Angebote des Vereins zur M\u00e4dchenarbeit:<\/strong><\/span> <span style=\"color: #009999;\">Kontakt- und Informationsstelle f\u00fcr M\u00e4dchenarbeit<\/span><\/p>\n<p style=\"text-align: justify;\">Sie bietet Fachkr\u00e4ften der Kinder- und Jugendhilfe und P\u00e4dagogik Unterst\u00fctzung f\u00fcr Qualifizierung und Professionalisierung auf den Gebieten der parteilichen, feministisch-orientierten Arbeit mit M\u00e4dchen und jungen Frauen und des geschlechtsspezifisch-differenzierten und reflektierten Arbeitens mit M\u00e4dchen und Jungen.<\/p>\n<p style=\"text-align: justify;\"><span style=\"color: #009999;\">Beratungsstelle f\u00fcr M\u00e4dchen und junge Frauen<\/span><\/p>\n<p style=\"text-align: justify;\">Dabei geht es vor allem um Themen wie sexueller Missbrauch, h\u00e4usliche Gewalt und\u00a0Traumatisierung als Folge von Gewalterfahrung. Zum Beispiel die PROTEGO &#8211; Gruppe f\u00fcr M\u00e4dchen im Grundschulalter mit Erfahrungen von h\u00e4uslicher Gewalt.<\/p>\n<p style=\"text-align: justify;\"><span style=\"color: #009999;\">Zufluchtsstelle<\/span><\/p>\n<p style=\"text-align: justify;\">ist eine Schutzstelle in M\u00fcnchen und bietet 13- bis 20-j\u00e4hrigen M\u00e4dchen und jungen Frauen unterschiedlicher Herkunft Schutz, eine vor\u00fcbergehende Wohnm\u00f6glichkeit und Betreuung rund um die Uhr. M\u00e4dchen k\u00f6nnen sich bei Gewalt, in Krisen und Notlagen an IMMA e.V. wenden, weil sie von psychischer, k\u00f6rperlicher und sexueller Gewalt betroffen oder bedroht sind, gegen ihren Willen verlobt oder verheiratet werden oder aus sonstigen Gr\u00fcnden eine Auszeit brauchen.<\/p>\n<p style=\"text-align: justify;\"><span style=\"color: #009999;\">Fachstelle Zwangsheirat <\/span><\/p>\n<p style=\"text-align: justify;\">unterst\u00fctzt M\u00e4dchen und junge Frauen sowie Jungen und junge M\u00e4nner, die von Zwangsheirat bedroht oder betroffen sind. Auch Menschen, die von Gewalt &#8222;im Namen der Ehre&#8220; bedroht werden, k\u00f6nnen sich an IMMA e.V. wenden. Dazu bietet der Verein Beratung f\u00fcr Bezugspersonen von Betroffenen sowie Fortbildungen zum Thema Zwangsverheiratung an.<\/p>\n<\/div> <strong>Kontakt:<\/strong> IMMA e. V.\u00a0 Initiative f\u00fcr M\u00fcnchner M\u00e4dchen Jahnstr. 38 | 80469 M\u00fcnchen Tel: 089\/238 891-40\/-44\u00a0 | Fax: 089\/238 891-15 E-Mail:\u00a0info[at]imma.de <a href=\"http:\/\/www.imma.de\" target=\"_blank\">www.imma.de<\/a> Ansprechpartnerinnen: Kristin Hopf, Stephanie Sfeir<\/p>\n<p style=\"text-align: right;\"><a href=\"#top\">nach oben<\/a><\/p>\n","protected":false},"excerpt":{"rendered":"<p>Kontakt: IMMA e. V.\u00a0 Initiative f\u00fcr M\u00fcnchner M\u00e4dchen Jahnstr. 38 | 80469 M\u00fcnchen Tel: 089\/238 891-40\/-44\u00a0 | Fax: 089\/238 891-15 E-Mail:\u00a0info[at]imma.de www.imma.de Ansprechpartnerinnen: Kristin Hopf, Stephanie Sfeir nach oben<\/p>\n","protected":false},"author":3,"featured_media":0,"parent":23,"menu_order":0,"comment_status":"closed","ping_status":"closed","template":"","meta":[],"_links":{"self":[{"href":"http:\/\/www.womex.org\/de\/wp-json\/wp\/v2\/pages\/1085"}],"collection":[{"href":"http:\/\/www.womex.org\/de\/wp-json\/wp\/v2\/pages"}],"about":[{"href":"http:\/\/www.womex.org\/de\/wp-json\/wp\/v2\/types\/page"}],"author":[{"embeddable":true,"href":"http:\/\/www.womex.org\/de\/wp-json\/wp\/v2\/users\/3"}],"replies":[{"embeddable":true,"href":"http:\/\/www.womex.org\/de\/wp-json\/wp\/v2\/comments?post=1085"}],"version-history":[{"count":40,"href":"http:\/\/www.womex.org\/de\/wp-json\/wp\/v2\/pages\/1085\/revisions"}],"predecessor-version":[{"id":1955,"href":"http:\/\/www.womex.org\/de\/wp-json\/wp\/v2\/pages\/1085\/revisions\/1955"}],"up":[{"embeddable":true,"href":"http:\/\/www.womex.org\/de\/wp-json\/wp\/v2\/pages\/23"}],"wp:attachment":[{"href":"http:\/\/www.womex.org\/de\/wp-json\/wp\/v2\/media?parent=1085"}],"curies":[{"name":"wp","href":"https:\/\/api.w.org\/{rel}","templated":true}]}}