{"id":1111,"date":"2014-11-08T12:26:56","date_gmt":"2014-11-08T11:26:56","guid":{"rendered":"http:\/\/www.womex.org\/?page_id=1111"},"modified":"2015-02-23T11:01:41","modified_gmt":"2015-02-23T10:01:41","slug":"rechte-jungs-rechte-maedchen-ratlose-eltern","status":"publish","type":"page","link":"http:\/\/www.womex.org\/de\/praxisbeispiele-projekte\/lidicehaus-bremen-rechte-jungs-rechte-maedchen-ratlose-eltern\/","title":{"rendered":"LidiceHaus Bremen: Rechte Jungs, rechte M\u00e4dchen \u2013 ratlose Eltern."},"content":{"rendered":"<p><div class=\"divider\"><\/div><div class=\"grey-box\">\n<strong>Projekt: <\/strong>Rechte Jungs, rechte M\u00e4dchen \u2013 ratlose Eltern. Beratung von Angeh\u00f6rigen rechtsextremer Jugendlicher<br \/>\n<strong>Tr\u00e4ger: <\/strong>LidiceHaus gGmbH Bremen<br \/>\n<strong>Laufzeit \/ F\u00f6rderung:<\/strong> 2011-2014, Modellprojekt im Rahmen des Bundesprogramms<br \/>\n&#8222;TOLERANZ F\u00d6RDERN &#8211; KOMPETENZ ST\u00c4RKEN&#8220; <a href=\"http:\/\/www.rechtejugendliche-ratloseeltern.de\/\" target=\"_blank\">Homepage<\/a> <\/div><div class=\"divider\"><\/div><div class=\"green-box\">\n<strong>Genderspezifik: <\/strong>Deutliche Geschlechterverteilung &#8211; Vorwiegend suchen M\u00fctter Beratungen auf, vorwiegend geht es um S\u00f6hne <\/div> <div class=\"divider\"><\/div><\/p>\n<div class=\"two-columns-one\">\n<p style=\"text-align: justify;\">Das LidiceHaus Bremen bietet Beratung f\u00fcr Eltern und Angeh\u00f6rige rechtsextremer Jugendlicher. Seit 2003 bildet es im Rahmen Programms \u201eentimon \u2013 gemeinsam gegen Gewalt und Rechtsextremismus\u201c des Bundesministeriums f\u00fcr Familie, Senioren, Frauen und Jugend, Ansprechpartner_innen f\u00fcr betroffene Eltern und Familien aus. Dieses bestehende Angebot konnte im Rahmen des Modellprojekts von 2011-14 erweitert und vervollst\u00e4ndigt werden. So bietet das LidiceHaus neben dem Beratungsangebot f\u00fcr Eltern und Angeh\u00f6rige:<\/p>\n<ul>\n<li>Informationen und Infomaterialien f\u00fcr Eltern- und Angeh\u00f6rige<\/li>\n<li>Qualifizierung von Berater_innen f\u00fcr Eltern und Angeh\u00f6rige rechtsextremer Jugendlicher<\/li>\n<li>Weiterbildungsangebote f\u00fcr Berater_innen<\/li>\n<li>Infomaterialien f\u00fcr die Beratungsarbeit im Kontext<\/li>\n<li>Beratung f\u00fcr Berater_innen \u2013 Fallcoaching<\/li>\n<li>Unterst\u00fctzung beim Aufbau regionaler Beratungsangebote<\/li>\n<li>Unterst\u00fctzung von Gemeinden bei der Institutionalisierung von Beratungsangeboten<\/li>\n<\/ul>\n<p style=\"text-align: justify;\"><span style=\"color: #009999;\"><strong>Beratung von Eltern und Angeh\u00f6rigen<\/strong><\/span><\/p>\n<p style=\"text-align: justify;\">Ziel der Beratung von Eltern und Angeh\u00f6rigen rechtsextrem orientierter Jugendlicher ist es, Hilfe zur Selbsthilfe zu geben. Betroffene werden darin unterst\u00fctzt, ihre gegenw\u00e4rtige Situation besser einsch\u00e4tzen und bew\u00e4ltigen zu k\u00f6nnen. Die Verantwortung f\u00fcr das eigene Handeln liegt dabei zu jedem Zeitpunkt des Beratungsprozesses bei den Betroffenen, niemals bei den Berater_innen. Es gilt nicht, das Problem f\u00fcr die Betroffenen zu l\u00f6sen, sondern darum die Perspektive auf die Situation ver\u00e4ndern zu helfen und die Eltern bei der Entwicklung gelingender Bew\u00e4ltigungsstrategien zu unterst\u00fctzen.<\/p>\n<p style=\"text-align: justify;\">Zu Beginn der Beratung werden die betroffenen Eltern gest\u00e4rkt, um die gegenw\u00e4rtige Situation besser \u201eaushalten\u201c zu k\u00f6nnen. Das ist wichtig, weil die Eltern sowohl f\u00fcr den Umgang mit ihrem rechtsextrem orientierten Kind, als auch f\u00fcr die Bew\u00e4ltigung anderer allt\u00e4glicher Aufgaben Kraft brauchen. Dabei sollen die Eltern handlungsf\u00e4hig bleiben oder es wieder werden. Weil es nicht dem Zufall \u00fcberlassen werden darf, ob Eltern qualifizierte Beratung erhalten, werden im LidiceHaus auch Fachkr\u00e4fte weiter gebildet und beraten und regionale Anlaufstellen aufgebaut.<\/p>\n<p style=\"text-align: justify;\"><span style=\"color: #009999;\"><strong>Fortbildungen f\u00fcr Fachkr\u00e4fte<\/strong><\/span><\/p>\n<p style=\"text-align: justify;\">Wenn Eltern und Angeh\u00f6rige nach Hilfe und Unterst\u00fctzung suchen, weil ihr Kind in rechten Szenen oder rechtsextremistischen Organisationen aktiv ist, dann sind Mitarbeiter_innen von Jugendprojekten, Jugendbeh\u00f6rden, Polizei und Ausstiegsprogrammen oft mit einem ganz neuen Beratungsfeld konfrontiert, auf dessen spezifische und interdisziplin\u00e4re Anforderungen sie meist wenig vorbereitet sind:<\/p>\n<\/div>\n<div class=\"two-columns-one last\">\n<p style=\"text-align: justify;\">Einerseits gibt es Beratungsstellen, deren Mitarbeiter_innen \u00fcber psychologisch versierte Beratungs- und Gespr\u00e4chsf\u00fchrungskompetenzen verf\u00fcgen sowie die Bedeutung und Funktion des Beziehungsgeflechts der Familien einsch\u00e4tzen k\u00f6nnen, allerdings \u00fcber keine qualifizierten Kenntnisse und Kompetenzen im Bereich Rechtsextremismus verf\u00fcgen.<\/p>\n<p style=\"text-align: justify;\"><strong><\/strong>Demgegen\u00fcber gibt es andererseits (sozialp\u00e4dagogische) Projekte und Beratungsteams, die Experten im Bereich Rechtsextremismus sind, jedoch keine spezifischen Kompetenzen und Kenntnisse in klientenzentrierter Beratung und Gespr\u00e4chsf\u00fchrung aufweisen.<\/p>\n<p style=\"text-align: justify;\">Diese Situation war im Fr\u00fchjahr 2002 der Anlass zur Entwicklung der Zusatzqualifizierung \u201eRechte Jungs, rechte M\u00e4dchen \u2013 ratlose Eltern \u201c. Ziel war es, eine Fortbildung zu konzipieren, die sowohl Kenntnisse zum Thema Rechtsextremismus als auch Kompetenzen der Beratung vermitteln kann.<\/p>\n<p style=\"text-align: justify;\">Des Weiteren zeigte sich, dass das \u201eBeziehungsgeflecht Familie\u201c unbedingt als eigener Fortbildungsschwerpunkt bearbeitet werden muss. Denn nur dann kann in der Beratung von Eltern erkannt werden, inwieweit auch diese selbst einen Anteil am vorliegenden Problems haben. Hier kann dann neben der Beratung \u201e\u00fcber\u201c den Sohn im Prozess der Auseinandersetzung auch eine Reflexion des elterlichen und famili\u00e4ren Verhaltens und Denkens erfolgen.<\/p>\n<p style=\"text-align: justify;\">Im Ergebnis entstand eine <span style=\"color: #009999;\">Fortbildungsstruktur mit drei zentralen Themenstr\u00e4ngen<\/span>:<\/p>\n<ul>\n<li>Rechtsextremismus, menschenfeindliche Ideologien und Jugendkulturen \u2013 das Spannungsfeld von jugendlichen Subkulturen, Lifestyles einerseits und \u201erechtsextremer, autorit\u00e4rer\u201c Identit\u00e4tsentwicklung andererseits<\/li>\n<li>Beziehungsgeflecht Familie \u2013 Eltern-Kind-Beziehungen und ihre Bedeutung f\u00fcr den Einstieg und Ausstieg in extreme Denk- und Verhaltensmuster<\/li>\n<li>Grundlagen von Beratung und Gespr\u00e4chsf\u00fchrung \u2013 das Erlernen, Ein\u00fcben und Weiterentwickeln von Beratungs- und Gespr\u00e4chsf\u00fchrungskompetenz<\/li>\n<\/ul>\n<p style=\"text-align: justify;\">Adressaten der Zusatzqualifizierung \u201eRechte Jungs, rechte M\u00e4dchen \u2013 ratlose Eltern\u201c waren sowohl Mitarbeiter_innen von Beratungsstellen, als auch Multiplikator_innen aus dem Bereich der Rechtsextremismuspr\u00e4vention. Trotz intensiver Bem\u00fchungen war es letztendlich nicht m\u00f6glich, Mitarbeiter_innen aus Erziehungsberatungsstellen f\u00fcr die Fortbildung zu gewinnen. Zudem ist es auch bei vielfacher Analyse nicht gelungen, die Gr\u00fcnde f\u00fcr diese ablehnende Haltung in Erfahrung zu bringen.<\/p>\n<\/div> <div class=\"divider\"><\/div> <div class=\"divider\"><\/div> <span style=\"color: #009999;\"><strong>Kontakt<\/strong><\/span> LidiceHaus gGmbH Weg zum Kr\u00e4henberg 33a | 28201 Bremen | Tel.: (04 21) 69 27 2-0\u00a0 | Fax: (04 21) 69 27 2-16 | <a href=\"http:\/\/www.lidicehaus.de\" target=\"_blank\">http:\/\/www.lidicehaus.de<\/a> lidice@lidicehaus.de<\/p>\n<p style=\"text-align: right;\"><a href=\"#top\">nach oben<\/a><\/p>\n<div class=\"divider\"><\/div>\n","protected":false},"excerpt":{"rendered":"<p>Kontakt LidiceHaus gGmbH Weg zum Kr\u00e4henberg 33a | 28201 Bremen | Tel.: (04 21) 69 27 2-0\u00a0 | Fax: (04 21) 69 27 2-16 | http:\/\/www.lidicehaus.de lidice@lidicehaus.de nach oben<\/p>\n","protected":false},"author":3,"featured_media":0,"parent":23,"menu_order":0,"comment_status":"closed","ping_status":"closed","template":"","meta":[],"_links":{"self":[{"href":"http:\/\/www.womex.org\/de\/wp-json\/wp\/v2\/pages\/1111"}],"collection":[{"href":"http:\/\/www.womex.org\/de\/wp-json\/wp\/v2\/pages"}],"about":[{"href":"http:\/\/www.womex.org\/de\/wp-json\/wp\/v2\/types\/page"}],"author":[{"embeddable":true,"href":"http:\/\/www.womex.org\/de\/wp-json\/wp\/v2\/users\/3"}],"replies":[{"embeddable":true,"href":"http:\/\/www.womex.org\/de\/wp-json\/wp\/v2\/comments?post=1111"}],"version-history":[{"count":42,"href":"http:\/\/www.womex.org\/de\/wp-json\/wp\/v2\/pages\/1111\/revisions"}],"predecessor-version":[{"id":1946,"href":"http:\/\/www.womex.org\/de\/wp-json\/wp\/v2\/pages\/1111\/revisions\/1946"}],"up":[{"embeddable":true,"href":"http:\/\/www.womex.org\/de\/wp-json\/wp\/v2\/pages\/23"}],"wp:attachment":[{"href":"http:\/\/www.womex.org\/de\/wp-json\/wp\/v2\/media?parent=1111"}],"curies":[{"name":"wp","href":"https:\/\/api.w.org\/{rel}","templated":true}]}}