{"id":1205,"date":"2014-11-12T16:20:15","date_gmt":"2014-11-12T15:20:15","guid":{"rendered":"http:\/\/www.womex.org\/?page_id=1205"},"modified":"2014-11-20T10:42:41","modified_gmt":"2014-11-20T09:42:41","slug":"zdb-wolfsburg-arbeit-und-leben-niedersachsen-ost-projekt-rechte-frauen","status":"publish","type":"page","link":"http:\/\/www.womex.org\/de\/praxisbeispiele-projekte\/zdb-wolfsburg-arbeit-und-leben-niedersachsen-ost-projekt-rechte-frauen\/","title":{"rendered":"ZDB Wolfsburg, Arbeit und Leben Niedersachsen Ost: Projekt &#8222;Rechte Frauen&#8220;"},"content":{"rendered":"<p>&nbsp;<br \/>\n<div class=\"grey-box\"> <strong>Projekt:<\/strong> Frauen im Rechtsextremismus<br \/>\n<strong>Tr\u00e4ger:<\/strong> Zentrum Demokratische Bildung Wolfsburg, Bildungsvereinigung ARBEIT UND LEBEN Niedersachsen Ost gGmbH<br \/>\n<strong>Laufzeit \/ F\u00f6rderung:<\/strong> 3-j\u00e4hriges Projekt gef\u00f6rdert vom Nieders\u00e4chsischen Ministerium f\u00fcr Soziales, Frauen, Familie, Gesundheit und Integration <\/div><\/p>\n<p><div class=\"green-box\"> <strong>Genderspezifik<\/strong> <\/div><br \/>\n&nbsp;<\/p>\n<div class=\"two-columns-one\">\n<p style=\"text-align: justify;\">Rechtsextreme sind jung, m\u00e4nnlich und gewaltbereit \u2013 so lautet das g\u00e4ngige Urteil. Doch laut wissenschaftlichen Studien steigt der Anteil der Frauen in der rechtsextremen Szene seit Jahren kontinuierlich an, inzwischen wird er auf ca. 20 Prozent gesch\u00e4tzt. Dabei sind sie nicht mehr nur Partnerinnen und M\u00fctter, sondern auf allen politischen Ebenen aktiv.<\/p>\n<p style=\"text-align: justify;\">Das vom Nieders\u00e4chsischen Ministerium f\u00fcr Soziales, Frauen, Familie, Gesundheit und Integration initiierte und auf eine Laufzeit von drei Jahren angelegte Projekt \u201eFrauen im Rechtsextremismus&#8220; des \u201eZentrum Demokratische Bildung&#8220; aus Wolfsburg m\u00f6chte diese ver\u00e4nderten Rollen mit gezielter Aufkl\u00e4rungsarbeit transparent machen und der Verbreitung von Rechtsextremismus unter Frauen entgegen wirken.<\/p>\n<p style=\"text-align: justify;\">Die Zielgruppe sind Gleichstellungsbeauftragte nieders\u00e4chsischer Kommunen, aber auch der Beh\u00f6rden, sozialer Einrichtungen oder der Wirtschaft.<\/p>\n<p style=\"text-align: justify;\">Das Projekt bietet dabei sowohl Informationsveranstaltungen, Foren des Austausches und der Vernetzung, gezielte Fortbildungs- und Beratungsangebote, ein gemeinsames Internetportal sowie die Initiierung von lokalen Praxisprojekten vor Ort.<\/p>\n<\/div>\n<div class=\"two-columns-one last\">\n<p><span style=\"color: #009999;\"><strong>Handlungsebenen<\/strong><\/span><\/p>\n<p>Bestandsteil des Projektangebotes sind unterschiedliche Handlungsebenen:<\/p>\n<ul>\n<li><span style=\"color: #009999;\"> Fachtagungen<\/span> in sechs nieders\u00e4chsischen Regionen bilden den Auftakt und den Einstieg in das Thema. In Fachvortr\u00e4gen sowie Workshops werden Impulse zur Nachhaltigen Besch\u00e4ftigung mit dem Thema gegebens<\/li>\n<li><span style=\"color: #009999;\"> Fortbildungen<\/span>: Vertiefend zu den Fachtagungen werden Fortbildungen durchgef\u00fchrt, die sich thematisch mit \u201eGeschlechterverh\u00e4ltnissen im Rechtsextremismus\u201c, \u201eFrauenbildern\u201c, \u201eRechtsextremistischen Einstellungspotenzialen\u201c, \u201eEin- und Ausstiegsprozessen\u201c, \u201eKindererziehung von Rechts\u201c, \u201eGleichstellungsbeauftragte im Visier rechter M\u00e4nnerb\u00fcnde\u201c, \u201eGenderspezifischer Pr\u00e4ventionsarbeit\u201c und \u201eKommunalen Handlungsstrategien\u201c besch\u00e4ftigen<\/li>\n<li><span style=\"color: #009999;\"> Lokale Projektarbeit:<\/span> Gef\u00f6rdert, begleitet und dokumentiert werden lokale (Einzel-)Projekte, die sich mit spezifischen Aktionen an die \u00d6ffentlichkeit wenden<\/li>\n<\/ul>\n<\/div>\n<div class=\"divider\"><\/div>\n<p><strong><span style=\"color: #009999;\">Kontakt<\/span><\/strong><br \/>\nZentrum Demokratische Bildung Wolfsburg<br \/>\n(Bildungsvereinigung ARBEIT UND LEBEN Niedersachsen OST gGmbH)<br \/>\nHeinrich Nordhoff Stra\u00dfe 73 -77\u00a0 (\u00fcber dem Kaufhaus Lichtblick)<br \/>\n38440 Wolfsburg<\/p>\n<p>Tel.: 05361-891305-0<br \/>\nFax: 05361-891305-8<\/p>\n<p>E-Mail: info@zdb-wolfsburg.de oder info@rechtefrauen.de<br \/>\n<a href=\"http:\/\/www.rechtefrauen.de\" target=\"_blank\">www.rechtefrauen.de<\/a><\/p>\n","protected":false},"excerpt":{"rendered":"<p>&nbsp; &nbsp; Kontakt Zentrum Demokratische Bildung Wolfsburg (Bildungsvereinigung ARBEIT UND LEBEN Niedersachsen OST gGmbH) Heinrich Nordhoff Stra\u00dfe 73 -77\u00a0 (\u00fcber dem Kaufhaus Lichtblick) 38440 Wolfsburg Tel.: 05361-891305-0 Fax: 05361-891305-8 E-Mail: info@zdb-wolfsburg.de oder info@rechtefrauen.de www.rechtefrauen.de<\/p>\n","protected":false},"author":3,"featured_media":0,"parent":23,"menu_order":0,"comment_status":"closed","ping_status":"closed","template":"","meta":[],"_links":{"self":[{"href":"http:\/\/www.womex.org\/de\/wp-json\/wp\/v2\/pages\/1205"}],"collection":[{"href":"http:\/\/www.womex.org\/de\/wp-json\/wp\/v2\/pages"}],"about":[{"href":"http:\/\/www.womex.org\/de\/wp-json\/wp\/v2\/types\/page"}],"author":[{"embeddable":true,"href":"http:\/\/www.womex.org\/de\/wp-json\/wp\/v2\/users\/3"}],"replies":[{"embeddable":true,"href":"http:\/\/www.womex.org\/de\/wp-json\/wp\/v2\/comments?post=1205"}],"version-history":[{"count":5,"href":"http:\/\/www.womex.org\/de\/wp-json\/wp\/v2\/pages\/1205\/revisions"}],"predecessor-version":[{"id":1207,"href":"http:\/\/www.womex.org\/de\/wp-json\/wp\/v2\/pages\/1205\/revisions\/1207"}],"up":[{"embeddable":true,"href":"http:\/\/www.womex.org\/de\/wp-json\/wp\/v2\/pages\/23"}],"wp:attachment":[{"href":"http:\/\/www.womex.org\/de\/wp-json\/wp\/v2\/media?parent=1205"}],"curies":[{"name":"wp","href":"https:\/\/api.w.org\/{rel}","templated":true}]}}