{"id":1393,"date":"2014-11-18T15:08:46","date_gmt":"2014-11-18T14:08:46","guid":{"rendered":"http:\/\/www.womex.org\/?page_id=1393"},"modified":"2015-03-13T14:51:44","modified_gmt":"2015-03-13T13:51:44","slug":"erfolgreiche-praxis_fortbildungen","status":"publish","type":"page","link":"http:\/\/www.womex.org\/de\/fortbildungen\/","title":{"rendered":"Fortbildungen"},"content":{"rendered":"<p>Im Rahmen von WomEx wurden Fortbildungen f\u00fcr p\u00e4dagogische Fachkr\u00e4fte und Multiplikator_innen entwickelt und erprobt. Hierbei sind ein- bis dreit\u00e4gige Workshopformate entstanden, die unterschiedliche Zielgruppen ansprechen:<\/p>\n<div class=\"divider\"><\/div>\n<h2>Handlungskonzept \u2013 rechtsaffine Jugendliche im l\u00e4ndlichen Raum (HaKo_reJu)<\/h2>\n<h2><a href=\"http:\/\/www.womex.org\/wp-content\/uploads\/2014\/02\/Fortbildung2.png\"><img loading=\"lazy\" alt=\"Fortbildung2\" src=\"http:\/\/www.womex.org\/wp-content\/uploads\/2014\/02\/Fortbildung2.png\" width=\"830\" height=\"267\" \/><\/a><\/h2>\n<p style=\"text-align: justify;\">Im Rahmen des Projekts HaKo_reJu von cultures interactive e.V. wurde ein zweit\u00e4giges Fortbildungsmodul entwickelt und mehrfach erprobt. Zielgruppen waren hier p\u00e4dagogische Fachkr\u00e4fte aus der offenen und aufsuchenden Jugendarbeit, der Schulsozialarbeit, dem Jugendamt etc.<\/p>\n<p style=\"text-align: left;\">Titel des Moduls: <span style=\"color: #009999;\">Doing Gender im l\u00e4ndlichen Raum. Genderreflektierte Ans\u00e4tze zu M\u00e4nnlichkeits- und Weiblichkeitsvorstellungen in der Arbeit mit rechtsextrem gef\u00e4hrdeten Jugendlichen<\/span><\/p>\n<p style=\"text-align: left;\">Mehr Informationen <a href=\"http:\/\/www.cultures-interactive.de\/hako_reju.html\" target=\"_blank\">hier<\/a><\/p>\n<div class=\"divider\"><\/div>\n<h2>Th\u00fcringer Bildungsbausteine<\/h2>\n<p style=\"text-align: justify;\" align=\"JUSTIFY\">Im Rahmen des des Th\u00fcringer Landesprogramms f\u00fcr Demokratie, Toleranz und Weltoffenheit wurde ein sog. <span style=\"color: #009999;\">Bildungsbaustein zum Thema Genderkompetenzen im Themenfeld Rechtsextremismus<\/span> entwickelt und erprobt. Das Tagesseminar befasst sich mit Genderspezifischen Aspekten in der Wahrnehmung und Bearbeitung von rechtsextremen Tendenzen. Dazu geh\u00f6ren folgende Ebenen:<\/p>\n<ul>\n<li><span style=\"color: #009999;\">&#8222;Doing Gender&#8220; in rechtsextremen Zusammenh\u00e4ngen:<\/span> Geschlechtsspezifische Aspekte der Hinwendung und Teilnahme in rechtsextremen Szenen, Zahlenm\u00e4\u00dfige Verteilung von M\u00e4nnern und Frauen in offenen Szenezusammenh\u00e4ngen, Kameradschaften, Parteien. Geschlechtsspezifische Rollenaufteilung in rechtsextremen Zusammenh\u00e4ngen. &#8222;Echte Kerle, treue Frauen, nationale Krieger_innen?&#8220; Identifikations-, Zugeh\u00f6rigkeits- und Erlebnisangebote f\u00fcr Jungen und M\u00e4dchen im aktuellen Rechtsextremismus.<\/li>\n<li><span style=\"color: #009999;\">Genderaspekte im Kontext rechtsextremer Ideologie:<\/span> Die Ideologie der Volksgemeinschaft als zentrale Grundlage traditioneller Rollenvorstellungen. Der ideologische Kampf gegen Strategien der Gleichberechtigung von Mann und Frau (Anti-Gender Mainstreaming-Kampagnen) und gegen die Anerkennung von Homosexualit\u00e4t.<\/li>\n<li><span style=\"color: #009999;\">Geschlechtsspezifische Themenbesetzung durch rechtsextreme M\u00e4nner und Frauen:<\/span> Frauen werden als rechtsextreme Akteurinnen h\u00e4ufig \u00fcbersehen. Dabei werden sie strategisch in verschiedenen Themenfeldern eingesetzt, wie etwa in Debatten um Sexuellen Missbrauch \/ P\u00e4dophilie, famili\u00e4re Sicherheit, Umweltschutz \/&#8220;Heimatschutz&#8220;, Erziehungsbereiche, Kinderg\u00e4rten, Schulen, Soziale Arbeit und Gemeinwesenarbeit.<\/li>\n<li><span style=\"color: #009999;\">Genderspezifische Ans\u00e4tze der Pr\u00e4vention und Intervention<\/span> im Umgang mit rechtsextrem gef\u00e4hrdeten und orientierten (jungen) Frauen und M\u00e4nnern.<\/li>\n<\/ul>\n<p>Mehr Informationen <a href=\"http:\/\/www.cultures-interactive.de\/thueringen.html\" target=\"_blank\">hier<\/a><br \/>\n<div class=\"divider\"><\/div><\/p>\n<h2 align=\"JUSTIFY\">Blockseminar an der FH Frankfurt (Main)<\/h2>\n<p align=\"JUSTIFY\">Im Mai 2014 wurde im Rahmen von WomEx erstmalig an der Fachhochschule Frankfurt (Main) ein Blockseminar f\u00fcr Studierende der Sozialen Arbeit angeboten, Titel des dreit\u00e4gigen Seminars: <span style=\"color: #009999;\">Genderfokussierte Praxisans\u00e4tze in der Pr\u00e4vention und im Umgang mit rechtsextrem orientierten Jugendlichen und Klient_innen in der sozialen Arbeit<\/span><\/p>\n<p style=\"text-align: right;\"><a href=\"#top\">nach oben<\/a><\/p>\n","protected":false},"excerpt":{"rendered":"<p>Im Rahmen von WomEx wurden Fortbildungen f\u00fcr p\u00e4dagogische Fachkr\u00e4fte und Multiplikator_innen entwickelt und erprobt. Hierbei sind ein- bis dreit\u00e4gige Workshopformate entstanden, die unterschiedliche Zielgruppen ansprechen: Handlungskonzept \u2013 rechtsaffine Jugendliche im l\u00e4ndlichen Raum (HaKo_reJu) Im Rahmen &hellip; <a href=\"http:\/\/www.womex.org\/de\/fortbildungen\/\">Weiterlesen<\/a><\/p>\n","protected":false},"author":3,"featured_media":0,"parent":0,"menu_order":0,"comment_status":"closed","ping_status":"closed","template":"","meta":[],"_links":{"self":[{"href":"http:\/\/www.womex.org\/de\/wp-json\/wp\/v2\/pages\/1393"}],"collection":[{"href":"http:\/\/www.womex.org\/de\/wp-json\/wp\/v2\/pages"}],"about":[{"href":"http:\/\/www.womex.org\/de\/wp-json\/wp\/v2\/types\/page"}],"author":[{"embeddable":true,"href":"http:\/\/www.womex.org\/de\/wp-json\/wp\/v2\/users\/3"}],"replies":[{"embeddable":true,"href":"http:\/\/www.womex.org\/de\/wp-json\/wp\/v2\/comments?post=1393"}],"version-history":[{"count":57,"href":"http:\/\/www.womex.org\/de\/wp-json\/wp\/v2\/pages\/1393\/revisions"}],"predecessor-version":[{"id":2369,"href":"http:\/\/www.womex.org\/de\/wp-json\/wp\/v2\/pages\/1393\/revisions\/2369"}],"wp:attachment":[{"href":"http:\/\/www.womex.org\/de\/wp-json\/wp\/v2\/media?parent=1393"}],"curies":[{"name":"wp","href":"https:\/\/api.w.org\/{rel}","templated":true}]}}