{"id":17,"date":"2014-02-26T15:06:11","date_gmt":"2014-02-26T13:06:11","guid":{"rendered":"http:\/\/www.womex.org\/?page_id=17"},"modified":"2021-11-29T15:26:27","modified_gmt":"2021-11-29T14:26:27","slug":"das-projekt-womex","status":"publish","type":"page","link":"http:\/\/www.womex.org\/de\/ueber-uns\/das-projekt-womex\/","title":{"rendered":"Das Projekt &#8222;WomEx&#8220;"},"content":{"rendered":"<p><div class=\"divider\"><\/div> <div class=\"divider\"><\/div><\/p>\n<p>Diese Homepage ist eines der Arbeitsergebnisse des 2-j\u00e4hrigen (2014-15) ISEC-gef\u00f6rderten Projekts \u201eWomen \/ girls in violent extremism \u2013 WomEx\u201c des Berliner Vereins cultures interactive e.V.<\/p>\n<div class=\"divider\"><\/div>\n<p><a href=\"#Hintergrund\">&gt;Hintergrund \/ Ziele<\/a><br \/>\n<a href=\"#Meilensteine\">&gt;Meilensteine<\/a><br \/>\n<a href=\"#Ergebnisse\">&gt;Ergebnisse<\/a><\/p>\n<p><div class=\"divider\"><\/div> <div class=\"divider\"><\/div><\/p>\n<h2 id=\"Hintergrund\" style=\"text-align: justify;\">Hintergrund \/ Ziele<\/h2>\n<p style=\"text-align: justify;\">Die Genderperspektive hat in der theoretischen und praktischen Auseinandersetzung mit ideologisch motivierten Gewalttaten, Rechtsextremismus und religi\u00f6sem Fundamentalismus in den letzten Jahren an Bedeutung gewonnen. Jungen und M\u00e4nner sind zwar mit einem Anteil von 80 bis 90 Prozent deutlich h\u00e4ufiger f\u00fcr Straftaten verantwortlich, aber die weiblichen Szeneangeh\u00f6rigen und Sympathisantinnen haben nicht nur \u00e4hnlich stark menschenverachtende Haltungen, sondern ver\u00fcben auch ideologisch motivierte Rechtsverletzungen und Gewalttaten.<div class=\"divider\"><\/div><\/p>\n<p><a href=\"http:\/\/www.womex.org\/wp-content\/uploads\/2015\/03\/haare.png\"><img loading=\"lazy\" class=\"alignnone size-full wp-image-2327\" src=\"http:\/\/www.womex.org\/wp-content\/uploads\/2015\/03\/haare.png\" alt=\"haare\" width=\"830\" height=\"267\" \/><\/a><\/p>\n<p style=\"text-align: justify;\">Dabei nehmen M\u00e4dchen und Frauen teilweise spezifische Funktionen innerhalb &#8222;ihrer&#8220; Szenen ein: Sie haben strategische F\u00fchrungspositionen inne, geben den Ansto\u00df f\u00fcr Gewalttaten, \u00fcben diese selbst (mit) aus oder liefern ideologische Legitimationen. Dar\u00fcber hinaus stellen sie einen wichtigen Faktor f\u00fcr den sozioemotionalen Gruppenzusammenhalt dar.<\/p>\n<p style=\"text-align: justify;\">Bislang existieren nur wenige systematische Erkenntnisse \u00fcber genderspezifische Bedeutungszusammenh\u00e4nge von biografischen, famili\u00e4ren, sozialen, milieuspezifischen Faktoren f\u00fcr die Affinit\u00e4t von Gewalt und extremistischen Ideologien von weiblichen Heranwachsenden. Dies gilt ebenso f\u00fcr genderspezifische Rollen- und Vergemeinschaftungsangebote f\u00fcr M\u00e4dchen und junge Frauen. Auch \u00fcber genderspezifische Ans\u00e4tze in der Pr\u00e4ventions- und Interventionsarbeit in Strafvollzug, Bew\u00e4hrungshilfe und Sozialarbeit &#8211; im Bezug auf Frauen, aber auch auf M\u00e4nner ist bisher wenig bekannt.<\/p>\n<p style=\"text-align: justify;\">Vor diesem Hintergrund hat der Berliner Verein cultures interactive e.V. im Januar 2013 sein Projekt \u201eWomen \/ girls in violent extremism \u2013 WomEx\u201d gestartet. Gef\u00f6rdert im Rahmen des EU-Programms \u201ePrevention of and Fight against Crime\u201c (ISEC) des EU Home Office und von der Bundeszentrale f\u00fcr politische Bildung hat dieses Projekt w\u00e4hrend seiner 2-J\u00e4hrigen Laufzeit folgende Ziele:<\/p>\n<ul>\n<li>\u00dcberblick \u00fcber existierende Interventionsans\u00e4tze in der Arbeit mit gewaltbereiten\/extremistischen M\u00e4dchen und Frauen im Alter von 12 bis 27 Jahren<\/li>\n<li>Sammlung und Aufbereitung von Erkenntnissen zu Arbeitskontexten, Ans\u00e4tzen, Methoden und Problembeschreibungen von Praktiker\/innen, die in Gef\u00e4ngnissen, in der Bew\u00e4hrungshilfe und in Jugendhilfe-Ma\u00dfnahmen bundesweit mit M\u00e4dchen und Frauen arbeiten<\/li>\n<li>Fallstudien zu m\u00f6glichen Interventionen und bew\u00e4hrten p\u00e4dagogischen Ans\u00e4tzen durch Interviews mit ehemaligen Straft\u00e4terinnen und gef\u00e4hrdeten weiblichen Heranwachsenden<\/li>\n<li>Entwicklung von Richtlinien f\u00fcr genderspezifische, m\u00e4dchenorientierte Ans\u00e4tze der Deradikalisierung und Anti-Gewaltarbeit, Abgleich von relevanten Indikatoren der (De-)Radikalisierung mit dem aktuellen Forschungsstand<\/li>\n<li>Entwicklung eines entsprechenden Qualifizierungsseminar f\u00fcr das FH-Studium<\/li>\n<li>Aufbau eines Bundes- und EU-weiten Netzwerks f\u00fcr genderspezifische Deradikalisierungs- und Anti-Gewaltarbeit<\/li>\n<\/ul>\n<p style=\"text-align: right;\"><a href=\"#Hintergrund\">Hintergrund \/ Ziele<\/a> | <a href=\"#Meilensteine\">Meilensteine<\/a> | <a href=\"#Ergebnisse\">Ergebnisse<\/a> | <a href=\"#top\">nach oben<\/a><\/p>\n<h2><div class=\"divider\"><\/div> <div class=\"divider\"><\/div><\/h2>\n<h2 id=\"Meilensteine\">Meilensteine<\/h2>\n<ul>\n<li><span style=\"color: #009999;\">12.\/13.12.13 internationale Fachtagung<\/span> \u201eFrauen, M\u00e4dchen und Genderperspektiven in Extremismus _Geschlechterspezifische Ans\u00e4tze in Pr\u00e4vention und Intervention\u201c in Berlin<\/li>\n<li><span style=\"color: #009999;\">Internationale Vernetzung:<\/span> War der Blick von WomEx zun\u00e4chst nur auf Deutschland gerichtet, so hat sich durch die Zusammenarbeit mit der RAN-Derad Arbeitsgruppe schnell eine Ausweitung \u00fcber die Grenzen Deutschlands hinaus ergeben. Ansto\u00df war hier der WomEx-Fachaustausch im Dezember 2013, der gleichzeitig auch ein Arbeitsgruppen-Treffen von RAN Derad war.<\/li>\n<li><span style=\"color: #009999;\">Die zweisprachige Homepage womex.org<\/span> geht in der 2. H\u00e4lfte 2014 online. Hier finden sich die Arbeitsergebnisse von WomEx aufbereitet, sowie Informationen zu Veranstaltungen\/Fortbildungen zum Thema und Aktivit\u00e4ten unserer Partner_innen. An der Schnittstelle von Praxis und Wissenschaft fungiert die Homepage als bundesweite und internationale Plattform f\u00fcr Information und Vernetzung.<\/li>\n<li><span style=\"color: #009999;\">Erprobung von Fortbildungsmodulen f\u00fcr verschiedene Zielgruppen:<\/span> 2. Halbjahr 2013: zweit\u00e4gige Fortbildungen f\u00fcr Fachkr\u00e4fte der Sozialen Arbeit zum Thema Rechtsextremismus und Gender in Th\u00fcringen und Sachsen, 1. Halbjahr 2014 Fortbildungserprobungen f\u00fcr Lehrer_innen in der beruflichen Ausbildung sowie Studierende der sozialen Arbeit an der University of Applied Sciences in Frankfurt (Main).<\/li>\n<li><span style=\"color: #009999;\">30.09.-02.10. WomEx-Abschlusskonferenz<\/span> in Frankfurt (Main)<\/li>\n<\/ul>\n<p style=\"text-align: right;\"><a href=\"#Hintergrund\">Hintergrund \/ Ziele<\/a> | <a href=\"#Meilensteine\">Meilensteine<\/a> | <a href=\"#Ergebnisse\">Ergebnisse<\/a> | <a href=\"#top\">nach oben<\/a><\/p>\n<h2><div class=\"divider\"><\/div> <div class=\"divider\"><\/div><\/h2>\n<h2 id=\"Ergebnisse\">Ergebnisse<\/h2>\n<p><span style=\"color: #009999;\"><strong>Arbeitsfelder <\/strong><\/span><\/p>\n<p style=\"text-align: justify;\">Identifizierung von Arbeitsfeldern, in denen wir gef\u00e4hrdeten M\u00e4dchen und Frauen begegnen; Beschreibung genderspezifischer Anforderungen in diesen Arbeitsfeldern<\/p>\n<p><span style=\"color: #009999;\"><strong>Sammlung erfolgreicher Praxis und Methoden <\/strong><\/span><\/p>\n<p style=\"text-align: justify;\">Erfolgversprechende Praxis und genderbewussten Methoden f\u00fcr die Arbeit mit rechtsextremen, religi\u00f6s-fundamentalistischen, gewaltaffinen (jungen) Frauen und M\u00e4nnern, inklusive Elternarbeit; Empfehlungen f\u00fcr die Arbeit mit rechtsextremen, religi\u00f6s-fundamentalistischen, gewaltaffinen Menschen, Erweiterung der Handlungsfelder f\u00fcr die Distanzierung in den Bereichen Jugend- und Familienhilfe<\/p>\n<p><span style=\"color: #009999;\"><strong>Differenzmodell <\/strong><\/span><\/p>\n<p style=\"text-align: justify;\">Grafik Sozialisierungs-, Hinwendungs- und Distanzierungsprozesse; Fallbeispiele entlang des Differenzmodells zusammengetragen durch Fachgespr\u00e4che, narrative Interviews und teilnehmende Beobachtung<\/p>\n<p style=\"text-align: justify;\"><span style=\"color: #009999;\"><strong>Fortbildungsangebote<\/strong><\/span><\/p>\n<p style=\"text-align: justify;\">Im Rahmen von WomEx wurden verschiedene Fortbildungen entwickelt und erprobt und in das Fortbildungsangebot von cultures interactive e.V. aufgenommen wurden<\/p>\n<p style=\"text-align: right;\"><a href=\"#Hintergrund\">Hintergrund \/ Ziele<\/a> | <a href=\"#Meilensteine\">Meilensteine<\/a> | <a href=\"#Ergebnisse\">Ergebnisse<\/a> | <a href=\"#top\">nach oben<\/a><\/p>\n<div class=\"divider\"><\/div>\n<p><a href=\"# Background\">&gt; Background \/ Aims<\/a><br \/>\n<a href=\"#Milestones\">&gt; Milestones<\/a><br \/>\n<a href=\"#Results\">&gt; Results and findings<\/a><\/p>\n<div class=\"divider\"><\/div>\n<div class=\"divider\"><\/div>\n<h2 id=\"Background\">Background \/ Aims<\/h2>\n<div class=\"divider\"><\/div>\n<p style=\"text-align: justify;\">The neo-Nazi terrorist death squad NSU (national socialist underground\/ Nationalsozialistischer Untergrund) which was uncovered in 2011 in Germany after having killed ten people \u2013 nine of which were perceived foreigners \u2013 in execution manner, over a period of some twelve years, while also producing denigrating and cynical videos about their victims, consisted of two men and one woman. The NSU gang was part of a wider under-cover militant neo-Nazi network, encompassing approximately 20% females, with tendency to rise.<div class=\"divider\"><\/div><a href=\"http:\/\/www.womex.org\/wp-content\/uploads\/2015\/03\/haare.png\"><img loading=\"lazy\" class=\"alignnone size-full wp-image-2327\" src=\"http:\/\/www.womex.org\/wp-content\/uploads\/2015\/03\/haare.png\" alt=\"haare\" width=\"830\" height=\"267\" \/><\/a><\/p>\n<p style=\"text-align: justify;\">Contrary to general perception, girls and women have long proven capable of fierce physical attacks, from their teenage days on, and have engaged in various sorts of terrorism throughout Europe. Moreover, women in violent extremist movements seem to assist in preparing and committing crimes, provide ideological support, and strengthen the social cohesion within the movement. This is particularly true for the current development of mainstreaming in which rightwing extremist attitudes and lifestyles infiltrate the middle classes in certain parts and districts of Germany and firmly install xenophobic, hateful and anti human rights stance in general community discourses. Here women seem to play a crucial role.<\/p>\n<p style=\"text-align: justify;\">We do not yet know enough about how and why quite a few young women move into violent extremism \u2013 while, in general, women, mothers, families are regarded powerful factors of prevention. Above all, however, we don&#8217;t know much about what the gender aspect may mean methodologically for employing impactful interventions of deradicalisation and hate crime rehabilitation \u2013 be it in prison, probation or community, both with women and men.<\/p>\n<p style=\"text-align: justify;\">Nevertheless, there appears to be many pockets of specialized experience on the part of first-line practitioners throughout Europe who work directly with violent and\/or extremist girls and women in various work areas and milieus \u2013 be they afflicted by political, religious or any comparable form of violent extremism. These colleagues need to be brought together and exchange about their work experiences and principles.<\/p>\n<p style=\"text-align: justify;\">Plus, existing best practice research in deradicalisation and hate crime work with men has in various instances given evidence indicating that issues of gender, family, biography, and social milieu may be of particular importance for processes of deradicalisation and rehabilitation. Especially in Germany there seems to have developed a rather solid tradition of gender methods in the prevention of hate crime and violent (rightwing) extremism.<\/p>\n<p style=\"text-align: justify;\">Not coincidentally, the first movie about a young neo-Nazi women \u2013 \u201cDie Kriegerin\u201d\/ \u201cCombat Girl\u201d \u2013 was released in February 2012 in Berlin, thus signaling a general readiness of both public and specialized practitioner discourse to more intensely investigate gender methods in deradicalisation.<\/p>\n<p>The two-year ISEC national starter measure WomEx will:<\/p>\n<ul>\n<li>identify existing pockets of specialized knowledge about interventions with violent extremist girls\/ women \u2013 mostly in right-wing extremism and general hate crime offenses<\/li>\n<li>identify and interview practitioners, statutory or grass-roots organisations&#8216; practitioners, who work in women prisons, correction-, pre-arrest- and probation institutions, and in preventative community and NGO organisations,<\/li>\n<li>interview female ex-offenders\/ at-risk young people about the patterns of female radicalisation, the function of girls\/ women in violent extremist milieus, and disengagement experiences,<\/li>\n<li>produce case study materials about successful interventions, good practice and lessons learned,<\/li>\n<li>describe the first-line practitioners&#8216; work-contexts, approaches, methods\/tools, and levels of awareness, and identify issues\/ criteria of quality control,<\/li>\n<li>develop guidelines for deradicalisation and anti hate crime work with girls\/ women,<\/li>\n<li>estimate to what extent women prisons are places of radicalisation, and formulate recommendations<\/li>\n<li>compare existing research and identify added value from deradicalisation work with girls\/ women \u2013 and pursue indications as to whether sustainable measures need to be &#8218;inter-sectional&#8216; and &#8217;systemic&#8216; in nature, i.e. incorporate issues of gender, biography, race, class, group dynamic and family history,research intrinsic interrelations of \u201cwomen as victims and perpetrators\u201d,<\/li>\n<li>probe assumptions about a &#8218;female deradicalisation potential&#8216;,<\/li>\n<li>acquire female \u2018deradicalising narratives\u2019 (formerly called \u2018counter narratives\u2019) from girls\/ women who disengaged and cooperate with website tools of deradicalising narratives (EDNA),<\/li>\n<li>cooperate with the Radicalisation Awareness Network (RAN) inaugurated by the EC, DG Home Affairs<\/li>\n<li>liaise with university research and prepare application for additional academic funds<\/li>\n<li>identify possible partner organisations in some neighbour countries, meet for practitioner exchange, and prepare a strategy for transfer and network building<\/li>\n<li>and prepare for building up an EU-wide network on deradicalisation and gender issues.<\/li>\n<\/ul>\n<p style=\"text-align: justify;\">Drawing on CI&#8217;s and affiliates&#8216; previous EU best practice research and interventions&#8216; development, cooperating with the Radicalisation Awareness Network (RAN, EU Home Affairs), liaising with the OSCE-ODIHR, consulting with specialized academicians (Prof. Michaela K\u00f6ttig&#8217;s \u201cNet of Researchers on Women in Neo-Nazism\u201d) and practitioner experts, the WomEx-project will use methodologies from qualitative-empirical social, biographical, and action research.<\/p>\n<p style=\"text-align: justify;\">Stakeholders\/ participants are: deradicalisation practitioners\/ trainees, law enforcement, (public) policy planers, NGOs, legal practitioners, university researchers\/ experts, the media\/ civil society \u2013 and the primary target group: young females and males in vulnerable sectors of European societies<\/p>\n<p style=\"text-align: right;\"><a href=\"#top\">top<\/a><\/p>\n<h2><div class=\"divider\"><\/div> <div class=\"divider\"><\/div><\/h2>\n<h2 id=\"Milestones\">Milestones<\/h2>\n<div class=\"divider\"><\/div>\n<ul>\n<li><span style=\"color: #009999;\">12.\/13.12.13 International conference \u201cWomen, Girls and Gender Perspectives in Extremism _ Gender-Specific Approaches in Prevention and Intervention\u201d<\/span> in Berlin<\/li>\n<li><span style=\"color: #009999;\">International Networking:<\/span> Initially, WomEx only focussed on Germany but, through its cooperation with the RAN Derad working group, it quickly expanded beyond the borders of Germany. The impetus was the WomEx expertise exchange in December, 2013 which was also simultaneously a RAN Derad working group meeting.<\/li>\n<li><span style=\"color: #009999;\">The bilingual website womex.org<\/span> goes online in the second half of 2014. The work results of WomEx are found here, as well as information about events \/ trainings for the topics and activities of our partners. An interface between science and practice, the homepage acts as a nationwide and international platform for information and networking.<\/li>\n<li><span style=\"color: #009999;\">Testing of training modules for different target groups<\/span>, second half of 2013: two-day training for social work professionals on right-wing extremism and gender in Thuringia and Saxony. First half of 2014: training trials for trainee teachers as well as students of social work at the University of Applied Sciences in Frankfurt\/Main.<\/li>\n<li><span style=\"color: #009999;\">30.09.-02.10. WomEx final conference in Frankfurt\/Main<\/span><\/li>\n<\/ul>\n<p style=\"text-align: right;\"><a href=\"#top\">top<\/a><\/p>\n<h2><div class=\"divider\"><\/div> <div class=\"divider\"><\/div><\/h2>\n<h2 id=\"Results\">Results and findings<\/h2>\n<div class=\"divider\"><\/div>\n<p><strong><span style=\"color: #009999;\">Fields of work<\/span><\/strong><\/p>\n<p>Identify fields of work where we come into contact with vulnerable girls and women; describe gender-specific needs for these fields of work.<\/p>\n<p><strong><span style=\"color: #009999;\">Collection of best parctices and approaches<\/span><\/strong><\/p>\n<p><strong><span style=\"color: #009999;\">Gender-specific difference model on socialisation, turning and distancing processes<\/span><\/strong><\/p>\n<p>Socialising, conversion and distancing processes as well as case examples along a difference model brought together with expert discussions, narrative interviews and participant observation.<\/p>\n<p><strong><span style=\"color: #009999;\">Further training<\/span><\/strong><\/p>\n<p>As a part of WomEx, further training for pedagogic skilled personnel and multipliers has been developed and tested. A one to two-day workshop format has been created which is aimed at different target groups<\/p>\n<p style=\"text-align: right;\"><a href=\"#top\">top<\/a><\/p>\n","protected":false},"excerpt":{"rendered":"<p>Diese Homepage ist eines der Arbeitsergebnisse des 2-j\u00e4hrigen (2014-15) ISEC-gef\u00f6rderten Projekts \u201eWomen \/ girls in violent extremism \u2013 WomEx\u201c des Berliner Vereins cultures interactive e.V. &gt;Hintergrund \/ Ziele &gt;Meilensteine &gt;Ergebnisse Hintergrund \/ Ziele Die Genderperspektive &hellip; <a href=\"http:\/\/www.womex.org\/de\/ueber-uns\/das-projekt-womex\/\">Weiterlesen<\/a><\/p>\n","protected":false},"author":1,"featured_media":0,"parent":145,"menu_order":0,"comment_status":"closed","ping_status":"closed","template":"","meta":[],"_links":{"self":[{"href":"http:\/\/www.womex.org\/de\/wp-json\/wp\/v2\/pages\/17"}],"collection":[{"href":"http:\/\/www.womex.org\/de\/wp-json\/wp\/v2\/pages"}],"about":[{"href":"http:\/\/www.womex.org\/de\/wp-json\/wp\/v2\/types\/page"}],"author":[{"embeddable":true,"href":"http:\/\/www.womex.org\/de\/wp-json\/wp\/v2\/users\/1"}],"replies":[{"embeddable":true,"href":"http:\/\/www.womex.org\/de\/wp-json\/wp\/v2\/comments?post=17"}],"version-history":[{"count":45,"href":"http:\/\/www.womex.org\/de\/wp-json\/wp\/v2\/pages\/17\/revisions"}],"predecessor-version":[{"id":2455,"href":"http:\/\/www.womex.org\/de\/wp-json\/wp\/v2\/pages\/17\/revisions\/2455"}],"up":[{"embeddable":true,"href":"http:\/\/www.womex.org\/de\/wp-json\/wp\/v2\/pages\/145"}],"wp:attachment":[{"href":"http:\/\/www.womex.org\/de\/wp-json\/wp\/v2\/media?parent=17"}],"curies":[{"name":"wp","href":"https:\/\/api.w.org\/{rel}","templated":true}]}}