{"id":212,"date":"2014-03-04T12:11:50","date_gmt":"2014-03-04T10:11:50","guid":{"rendered":"http:\/\/www.womex.org\/?page_id=212"},"modified":"2021-05-20T14:34:09","modified_gmt":"2021-05-20T12:34:09","slug":"aktuell","status":"publish","type":"page","link":"http:\/\/www.womex.org\/de\/aktuell\/","title":{"rendered":"Aktuell"},"content":{"rendered":"<p><strong>WomEx Abschlusskonferenz 2014<\/strong><br \/>\n<strong>01.-02.10.2014 in Frankfurt (Main)<\/strong><\/p>\n<p>Unter dem Titel &#8222;Why Gender? _ Genderaspekte im Rechtsextremismus und religi\u00f6sem Fundamentalismus _ Frauen- und Geschlechtsspezifische Ans\u00e4tze der Pr\u00e4vention und Intervention&#8220; findet vom 01.-02.10.2014 an der Fachhochschule in Frankfurt (Main) die Abschlusskonferenz des 2-j\u00e4hrigen Projekts &#8222;WomEx&#8220; statt.<\/p>\n<p>Ziel der Konferenz ist es, Fachexpert_innen aus Deutschland und Europa zu bestimmten Bereichen (Jugendhilfe, Ausstiegsarbeit, Anti-Gewalt-Trainings, Jugendarbeit, Gemeinwesen- und Familienorientierte Hilfen, Forschung) zusammen zu bringen, um sich \u00fcber zentrale Elemente von genderspezifischen bzw. genderreflektierten Ma\u00dfnahmen im Bereich Pr\u00e4vention und Intervention mit M\u00e4dchen\/Frauen und auch Jungen\/M\u00e4nnern auszutauschen und Empfehlungen f\u00fcr die weitere Arbeit zu entwickeln.<br \/>\nEs werden Kolleg_innen aus anderen EU-L\u00e4ndern an dem Fachaustausch teilnehmen, da auch international f\u00fcr eine genderfokussierte Pr\u00e4ventions-, Distanzierungs- und Deradikalisierungsarbeit&nbsp; sensibilisieren werden und ein internationales Praktiker_innen-Netzwerk aufgebaut werden soll.<\/p>\n<p>Wie im letzten Jahr, wird das Radicalisation Awareness Network (RAN) der EU Kommission als Konferenz-Partner teilnehmen. Wir freuen uns sehr \u00fcber die Kooperation, da sie uns erlaubt, einen weiteren Kreis von internationalen Kolleg_innen einzuladen \u2013 und Kontakt zu mehreren, uns bisher unverbundenen EU Mitgliedsstaaten herzustellen.<\/p>\n<p>Bereits im letzten Jahr erm\u00f6glichte der intensive Austausch zwischen WomEx und RAN eine gegenseitige Bereicherung zwischen Praktiker_innen, verschiedenen Organisationen und Arbeitsgruppen. Zu den Themen &#8222;Frauen\/Familie\/Gender und Extremismus&#8220; und Gender-bewusste Methoden der Intervention und Pr\u00e4vention ergaben sich anregende Auseinandersetzungen, z.B. im Bezug auf das RAN Projekt der &#8222;Collection of Promising Practices&#8220;, in dem zahlreiche Ans\u00e4tze der Pr\u00e4ventions- und Interventionsarbeit aus verschiedenen EU-L\u00e4ndern zusammengetragen werden.<\/p>\n<p>Die Veranstaltung findet in Kooperation mit Michaela K\u00f6ttig von der University of Applied Sciences Frankfurt\/Main sowie&nbsp;mit dem EU-weiten Radicalisation Awarness Network (RAN)&nbsp; statt.<\/p>\n<p>Das aktuelle Programm sowie die Konferenzmappe zum download:<\/p>\n<p><a href=\"http:\/\/www.womex.org\/wp-content\/uploads\/2014\/11\/DEWOMEXProgramm.pdf\">WOMEX Programm<\/a><\/p>\n<p><a href=\"http:\/\/www.womex.org\/wp-content\/uploads\/2014\/11\/DEWOMEXProgramm.pdf\">DEWOMEXProgramm<\/a>Konferenzmappe Abschlusstagung 2014_de<\/p>\n","protected":false},"excerpt":{"rendered":"<p>WomEx Abschlusskonferenz 2014 01.-02.10.2014 in Frankfurt (Main) Unter dem Titel &#8222;Why Gender? _ Genderaspekte im Rechtsextremismus und religi\u00f6sem Fundamentalismus _ Frauen- und Geschlechtsspezifische Ans\u00e4tze der Pr\u00e4vention und Intervention&#8220; findet vom 01.-02.10.2014 an der Fachhochschule in &hellip; <a href=\"http:\/\/www.womex.org\/de\/aktuell\/\">Weiterlesen<\/a><\/p>\n","protected":false},"author":1,"featured_media":0,"parent":0,"menu_order":0,"comment_status":"closed","ping_status":"closed","template":"","meta":[],"_links":{"self":[{"href":"http:\/\/www.womex.org\/de\/wp-json\/wp\/v2\/pages\/212"}],"collection":[{"href":"http:\/\/www.womex.org\/de\/wp-json\/wp\/v2\/pages"}],"about":[{"href":"http:\/\/www.womex.org\/de\/wp-json\/wp\/v2\/types\/page"}],"author":[{"embeddable":true,"href":"http:\/\/www.womex.org\/de\/wp-json\/wp\/v2\/users\/1"}],"replies":[{"embeddable":true,"href":"http:\/\/www.womex.org\/de\/wp-json\/wp\/v2\/comments?post=212"}],"version-history":[{"count":13,"href":"http:\/\/www.womex.org\/de\/wp-json\/wp\/v2\/pages\/212\/revisions"}],"predecessor-version":[{"id":2427,"href":"http:\/\/www.womex.org\/de\/wp-json\/wp\/v2\/pages\/212\/revisions\/2427"}],"wp:attachment":[{"href":"http:\/\/www.womex.org\/de\/wp-json\/wp\/v2\/media?parent=212"}],"curies":[{"name":"wp","href":"https:\/\/api.w.org\/{rel}","templated":true}]}}