{"id":23,"date":"2014-02-26T15:06:57","date_gmt":"2014-02-26T13:06:57","guid":{"rendered":"http:\/\/www.womex.org\/?page_id=23"},"modified":"2015-05-11T15:27:19","modified_gmt":"2015-05-11T13:27:19","slug":"erfolgreiche-praxis_praxisbeispiele","status":"publish","type":"page","link":"http:\/\/www.womex.org\/de\/praxisbeispiele-projekte\/","title":{"rendered":"Praxisbeispiele \/ Projekte"},"content":{"rendered":"<p>Praxisbeispiele (Projekte, Initiativen, Tr\u00e4ger) in einzelnen Arbeitsbereichen:<div class=\"divider\"><\/div><a class=\"standard-btn black-btn\" href=\"#Beratung\"><span> Beratung und Fortbildung<\/span><\/a> <a class=\"standard-btn black-btn\" href=\"#Strafvollzug\"><span>Strafvollzug<\/span><\/a> <a class=\"standard-btn black-btn\" href=\"#Aufsuchende\"><span>Aufsuchende und offene Jugendarbeit<\/span><\/a> <a class=\"standard-btn black-btn\" href=\"#Familien\"><span>Familienorientierte Hilfen<\/span><\/a> <a class=\"standard-btn black-btn\" href=\"#Antigewalt\"><span>Antigewalttrainings<\/span><\/a> <a class=\"standard-btn black-btn\" href=\"#Gemeinwesen\"><span> Gemeinwesenorientierte Ans\u00e4tze <\/span><\/a> <a class=\"standard-btn black-btn\" href=\"#Ausstieg\"><span>Ausstiegshilfen mit genderspezifischen Erfahrungen<\/span><\/a><a href=\"http:\/\/www.womex.org\/wp-content\/uploads\/2015\/03\/stuehle.png\"><img loading=\"lazy\" alt=\"stuehle\" src=\"http:\/\/www.womex.org\/wp-content\/uploads\/2015\/03\/stuehle.png\" width=\"830\" height=\"267\" \/><\/a> <div class=\"divider\"><\/div> <div class=\"divider\"><\/div> <strong><span style=\"color: #009999;\">Beratung und Fortbildung<\/span><\/strong><\/p>\n<ul>\n<li><span style=\"color: #009999;\">ARUG Frauen und Rechtsextremismus<\/span> Fortbildungen und Fachaustausch \/ Sensibilisierung zur Frauen im Rechtsextremismus <a title=\"ZDB Wolfsburg, Arbeit und Leben Niedersachsen Ost: Projekt \u201cRechte Frauen\u201d\" href=\"http:\/\/www.womex.org\/erfolgreiche-praxis_praxisbeispiele\/zdb-wolfsburg-arbeit-und-leben-niedersachsen-ost-projekt-rechte-frauen\/\">mehr<\/a><\/li>\n<li><span style=\"color: #009999;\">cultures interactive e.V.<\/span> Hako_reJu_ Fortbildungsmodul zu Gender und Rechtsextremismus \/ fachliche Begleitung \/ Coaching von Kommunen und Jugendarbeiter_innen, Fortbildungen f\u00fcr Studierende sozialer Arbeit und Mitarbeiter_innen aus Kitas <a href=\"http:\/\/www.womex.org\/de\/ueber-uns\/cultures-interactive\/\" target=\"_blank\">mehr<\/a><\/li>\n<li><span style=\"color: #009999;\">Dissens Institut f\u00fcr Forschung und Bildung e.V.<\/span> Fortbildungen f\u00fcr Schule und Jugendarbeit \/ Angebote f\u00fcr Jugendliche \/ Reflektion von pers\u00f6nlichen und gesellschaftlichen Rollenbildern <a title=\"Dissens Institut f\u00fcr Forschung und Bildung e.V.\" href=\"http:\/\/www.womex.org\/erfolgreiche-praxis_praxisbeispiele\/dissens-e-v\/\" target=\"_blank\">mehr<\/a><\/li>\n<li><span style=\"color: #009999;\">Fachstelle Gender und Rechtsextremismus<\/span> Fortbildungen und Fachaustausch \/ Sensibilisierung zur Frauen im Rechtsextremismus \/ Reflektion von Rollenbildern im Neonazismus <a href=\"http:\/\/www.gender-und-rechtsextremismus.de\/\" target=\"_blank\">Homepage<\/a><\/li>\n<li><span style=\"color: #009999;\">AGJF Sachsen e.V.: Modellprojekt Mut vor Ort<\/span> Modellprojekt Fortbildungen und Beratung von Jugendeinrichtungen \/ Reflektion von Rollenbildern im Neonazismus <a title=\"Mut vor Ort\" href=\"http:\/\/www.womex.org\/de\/erfolgreiche-praxis_praxisbeispiele\/mut-vor-ort\/\" target=\"_blank\">mehr<\/a><\/li>\n<\/ul>\n<p style=\"text-align: right;\"><a href=\"#top\">nach oben<\/a><\/p>\n<p><span style=\"color: #009999;\"><strong id=\"Strafvollzug\">Strafvollzug<\/strong><\/span><\/p>\n<ul>\n<li><span style=\"color: #009999;\">Miteinander e.V.: Modellprojekt Rollenwechsel<\/span> Reflektion von Geschlechtsrollenbildern mittels theaterp\u00e4dagogischer Ans\u00e4tze <a title=\"Rollenwechsel\" href=\"http:\/\/www.womex.org\/de\/erfolgreiche-praxis_praxisbeispiele\/rollenwechsel\/\" target=\"_blank\">mehr<\/a><\/li>\n<li><span style=\"color: #009999;\">Violence Prevention Network e.V.: Programm &#8222;Verantwortung \u00fcbernehmen &#8211; Abschied von Hass und Gewalt<\/span><strong>&#8222;<\/strong> Trainings mit jugendlichen Gewaltstraft\u00e4tern, die ihre Taten mit rechtsextremen, ethnozentristischen oder kulturell-religi\u00f6sen Begr\u00fcndungen rechtfertigen: Reflektion von M\u00e4nnlichkeitsbildern im Kontext von gewaltt\u00e4tigen Rechtsextremismus und islamistischen Fundamentalismus als ein Teil der Trainings <a href=\"http:\/\/www.violence-prevention-network.de\/ansaetze\/deradikalisierung\" target=\"_blank\">Homepage<\/a><\/li>\n<\/ul>\n<p style=\"text-align: right;\"><a href=\"#top\">nach oben<\/a><\/p>\n<p><span style=\"color: #009999;\"><strong id=\"Aufsuchende\">Aufsuchende und offene Jugendarbeit<\/strong><\/span><\/p>\n<ul>\n<li><span style=\"color: #009999;\">cultures interactive e.V.<\/span> Trainingslehrg\u00e4nge, Projekttage und Workshops f\u00fcr Jugendliche \/ genderreflektierte Jugendkulturangebote \/ Zielgruppen-spezifischer Ansatz f\u00fcr Schule, Jugendarbeit und Jugendhilfe <a href=\"http:\/\/www.womex.org\/de\/ueber-uns\/cultures-interactive\/\" target=\"_blank\">mehr<\/a><\/li>\n<li><span style=\"color: #009999;\">Dissens Institut f\u00fcr Forschung und Bildung e.V.<\/span> Angebote f\u00fcr Jugendliche zur St\u00e4rkung alternativer Rollenbilder zu M\u00e4nnlichkeit und Weiblichkeit <a title=\"Dissens Institut f\u00fcr Forschung und Bildung e.V.\" href=\"http:\/\/www.womex.org\/erfolgreiche-praxis_praxisbeispiele\/dissens-e-v\/\" target=\"_blank\">mehr<\/a><\/li>\n<li><span style=\"color: #009999;\">Strohhalm e.V.: Projekt Heroes<\/span> Multiplikator_innen-Fortbildungen von jungen M\u00e4nnern, um sich in peer-to-peer-Workshops an Schulen u.a. f\u00fcr Gleichberechtigung und gegen Unterdr\u00fcckung im Namen der Ehre einzusetzen <a href=\"http:\/\/www.heroes-net.de\/\" target=\"_blank\">Homepage<\/a><\/li>\n<li><span style=\"color: #009999;\">Gangway e.V.<\/span> Streetwork u.a. mit rechtsextrem orientierten Jugendlichen in Berlin. <a href=\"http:\/\/www.gangway.de\/\" target=\"_blank\">Homepage<\/a><\/li>\n<li><span style=\"color: #009999;\">Miteinander e.V.: Modellprojekt Rollenwechsel<\/span> Reflektion von Geschlechtsrollenbildern mittels theaterp\u00e4dagogischer Ans\u00e4tze <a title=\"Rollenwechsel\" href=\"http:\/\/www.womex.org\/de\/erfolgreiche-praxis_praxisbeispiele\/rollenwechsel\/\" target=\"_blank\">mehr<\/a><\/li>\n<li><span style=\"color: #009999;\">Vaja e.V.<\/span> Streetwork u.a. mit rechtsextrem orientierten Jugendlichen in Bremen. Team &#8222;recl&#8220; Arbeit mit rechtsextremen Cliquen <a href=\"http:\/\/www.vaja-bremen.de\/\" target=\"_blank\">Homepage<\/a><\/li>\n<\/ul>\n<p style=\"text-align: right;\"><a href=\"#top\">nach oben<\/a><\/p>\n<p><span style=\"color: #009999;\"><strong id=\"Familien\">Familienorientierte Hilfen<\/strong><\/span><\/p>\n<ul>\n<li><span style=\"color: #009999;\">pad e.V.: Projekt &#8222;Eltern st\u00e4rken&#8220;<\/span>Beratung von Eltern von rechtsextremen Kindern \/ Organisation von Selbsthilfegruppen \/ Beratung u. Fortbildung von Familienhelfer_innen im Umgang mit rechtsextremen Eltern <a title=\"pad e.V.: Projekt \u201cEltern st\u00e4rken\u201d\" href=\"http:\/\/www.womex.org\/de\/erfolgreiche-praxis_praxisbeispiele\/lichtblicke-e-v\/\" target=\"_blank\">mehr<\/a><\/li>\n<li><span style=\"color: #009999;\">Lidice Haus Bremen: Projekt &#8222;Rechte Jungs, rechte M\u00e4dchen \u2013 ratlose Eltern. Beratung von Angeh\u00f6rigen rechtsextremer Jugendlicher&#8220;<\/span> Beratung und Begleitung von Eltern, Beratung und Weiterbildung von Fachkr\u00e4ften <a href=\"http:\/\/www.womex.org\/erfolgreiche-praxis_praxisbeispiele\/rechte-jungs-rechte-maedchen-ratlose-eltern\/\" target=\"_blank\"> mehr<\/a><\/li>\n<li><span style=\"color: #009999;\">Violence Prevention Network: Projekt Verantwortung \u00fcbernehmen &#8211; Eltern st\u00e4rken (REXEL) <\/span>Arbeit mit rechtsextrem orientierten Eltern <a title=\"Violence Prevention NetworkVerantwortung \u00fcbernehmen \u2013 Eltern st\u00e4rken (RexEl)\" href=\"http:\/\/www.womex.org\/erfolgreiche-praxis_praxisbeispiele\/violence-prevention-network-eltern-staerken\/\" target=\"_blank\">mehr<\/a><\/li>\n<\/ul>\n<p style=\"text-align: right;\"><a href=\"#top\">nach oben<\/a><\/p>\n<p><span style=\"color: #009999;\"><strong id=\"Antigewalt\">Antigewalttrainings _ die sich speziell an M\u00e4dchen richten und \/ oder Geschlechterbilder im Kontext von Gewaltverhalten reflektieren<\/strong><\/span><\/p>\n<ul>\n<li><span style=\"color: #009999;\">Institut f\u00fcr genderreflektierte Gewaltpr\u00e4vention (IfGG):<\/span> <span style=\"color: #009999;\">Training TESYA (Training Empowerment Support Youth and Adults<\/span>) systemisch-l\u00f6sungsorientiertes Antigewalttraining f\u00fcr Kinder, Jugendliche und junge Erwachsene <a title=\"Institut f\u00fcr genderreflektierte Gewaltpr\u00e4vention (IfGG)\" href=\"http:\/\/www.womex.org\/de\/erfolgreiche-praxis_praxisbeispiele\/ifgg-tesya\/\" target=\"_blank\">mehr<\/a><\/li>\n<li><span style=\"color: #009999;\">Denkzeit-Gesellschaft e.V.<\/span> Trainings und Programme gegen Gewalt, Delinquenz und Verhaltensauff\u00e4lligkeiten, Berlin <a title=\"Denkzeit-Gesellschaft e.V.\" href=\"http:\/\/www.womex.org\/erfolgreiche-praxis_praxisbeispiele\/denkzeit-e-v\/\" target=\"_blank\">mehr<\/a><\/li>\n<li><span style=\"color: #009999;\">Initiative f\u00fcr M\u00fcnchner M\u00e4dchen IMMA e.V.<\/span> &#8222;Cool for life&#8220; Antigewalttrainings \/ EU-Projekt &#8222;girls using violence&#8220; \/ ZORA &#8211; M\u00e4dchengruppen der offenen Jugendarbeit \/ station\u00e4re und ambulante Angebote, M\u00fcnchen <a title=\"IMMA e.V.- Initiative f\u00fcr M\u00fcnchner M\u00e4dchen\" href=\"http:\/\/www.womex.org\/de\/erfolgreiche-praxis_praxisbeispiele\/imma-e-v\/\" target=\"_blank\">mehr<\/a><\/li>\n<\/ul>\n<p style=\"text-align: right;\"><a href=\"#top\">nach oben<\/a><\/p>\n<p><span style=\"color: #009999;\"><strong id=\"Gemeinwesen\">Gemeinwesenorientierte Ans\u00e4tze<\/strong><\/span><\/p>\n<ul>\n<li><span style=\"color: #009999;\">Aufbruch Neuk\u00f6lln<\/span> V\u00e4tergruppe durch Psychologen moderiert \/ Reflektion von M\u00e4nnlichkeit und Gewalt <a href=\"http:\/\/www.aufbruch-neukoelln.de\/index.php?option=com_content&amp;view=article&amp;id=46&amp;Itemid=75\" target=\"_blank\">Homepage<\/a><\/li>\n<li><span style=\"color: #009999;\">Kitab von Vaja e.V.<\/span> Beratungsstelle f\u00fcr Eltern und P\u00e4dagog_innen f\u00fcr den Bereich militante islamistische Str\u00f6mungen <a href=\"http:\/\/www.vaja-bremen.de\/teams-vaja-kitab.htm\" target=\"_blank\">Homepage<\/a><\/li>\n<li><span style=\"color: #009999;\">Kulturb\u00fcro Sachsen e.V.<\/span> Mobile Beratungsteams (MBT) \/ Fachcoaching Jugendhilfe \/ F\u00f6rderung von demokratischer Teilhabe im Gemeinwesen <a href=\"http:\/\/www.kulturbuero-sachsen.de\/\" target=\"_blank\">Homepage<\/a><\/li>\n<li><span style=\"color: #009999;\">Amadeu Antonio Stiftung: Projekt Lola f\u00fcr Lulu<\/span> Projekt im Zusammenhang mit der Fachstelle Gender und Rechtsextremismus \/ Beratung und Fortbildung f\u00fcr Eltern, Kitamitarbeiter_innen u.a. \/ St\u00e4rkung weiblicher zivilgesellschaftlicher Akteurinnen in der Region Ludwigslust (Lulu) <a href=\"http:\/\/www.lola-fuer-lulu.de\/\" target=\"_blank\">Homepage<\/a><\/li>\n<\/ul>\n<p style=\"text-align: right;\"><a href=\"#top\">nach oben<\/a><\/p>\n<p><span style=\"color: #009999;\"><strong>Ausstiegshilfen mit genderspezifischen Erfahrungen<\/strong><\/span><\/p>\n<ul>\n<li><span style=\"color: #009999;\">ARUG Ausstiegshilfe<\/span> Braunschweig \/ Niedersachsen<\/li>\n<li><span style=\"color: #009999;\">CJD Waren (M\u00fcritz): JUMP!<\/span> Sozialraumorientierte Ausstiegsarbeit Mecklenburg-Vorpommern <a href=\"http:\/\/www.projekt-jump.de\/\" target=\"_blank\">Homepage<\/a><\/li>\n<li><span style=\"color: #009999;\">(R)auswege Ausstiegshilfe<\/span> Rheinland-Pfalz <a href=\"https:\/\/secure.komplex-rlp.de\/home\/fachkraefte\/wer_hilft_weiter\/r_auswege\/index.phtml?PHPSESSID=24ed\" target=\"_blank\">Homepage<\/a><\/li>\n<li><span style=\"color: #009999;\">Bundesarbeitsgemeinschaft &#8222;Ausstieg zum Einstieg&#8220; e.V. <a href=\"Bundesarbeitsgemeinschaft &quot;Ausstieg zum Einstieg&quot; e.V. (BAG Ausstiegsarbeit)\" target=\"_blank\">Homepage<\/a><br \/>\n<\/span><\/li>\n<\/ul>\n<p style=\"text-align: right;\"><a href=\"#top\">nach oben<\/a><\/p>\n","protected":false},"excerpt":{"rendered":"<p>Praxisbeispiele (Projekte, Initiativen, Tr\u00e4ger) in einzelnen Arbeitsbereichen: Beratung und Fortbildung ARUG Frauen und Rechtsextremismus Fortbildungen und Fachaustausch \/ Sensibilisierung zur Frauen im Rechtsextremismus mehr cultures interactive e.V. Hako_reJu_ Fortbildungsmodul zu Gender und Rechtsextremismus \/ fachliche &hellip; <a href=\"http:\/\/www.womex.org\/de\/praxisbeispiele-projekte\/\">Weiterlesen<\/a><\/p>\n","protected":false},"author":1,"featured_media":0,"parent":0,"menu_order":0,"comment_status":"closed","ping_status":"closed","template":"","meta":[],"_links":{"self":[{"href":"http:\/\/www.womex.org\/de\/wp-json\/wp\/v2\/pages\/23"}],"collection":[{"href":"http:\/\/www.womex.org\/de\/wp-json\/wp\/v2\/pages"}],"about":[{"href":"http:\/\/www.womex.org\/de\/wp-json\/wp\/v2\/types\/page"}],"author":[{"embeddable":true,"href":"http:\/\/www.womex.org\/de\/wp-json\/wp\/v2\/users\/1"}],"replies":[{"embeddable":true,"href":"http:\/\/www.womex.org\/de\/wp-json\/wp\/v2\/comments?post=23"}],"version-history":[{"count":136,"href":"http:\/\/www.womex.org\/de\/wp-json\/wp\/v2\/pages\/23\/revisions"}],"predecessor-version":[{"id":2378,"href":"http:\/\/www.womex.org\/de\/wp-json\/wp\/v2\/pages\/23\/revisions\/2378"}],"wp:attachment":[{"href":"http:\/\/www.womex.org\/de\/wp-json\/wp\/v2\/media?parent=23"}],"curies":[{"name":"wp","href":"https:\/\/api.w.org\/{rel}","templated":true}]}}