{"id":393,"date":"2014-03-14T19:49:51","date_gmt":"2014-03-14T17:49:51","guid":{"rendered":"http:\/\/www.womex.org\/?page_id=393"},"modified":"2021-11-29T15:16:20","modified_gmt":"2021-11-29T14:16:20","slug":"why-gender","status":"publish","type":"page","link":"http:\/\/www.womex.org\/de\/","title":{"rendered":"Why Gender?"},"content":{"rendered":"<p><div class=\"divider\"><\/div> <div class=\"divider\"><\/div><\/p>\n<p style=\"text-align: justify;\">Gender ist ein entscheidender Faktor bei der ideologischen Auspr\u00e4gung und bei der Disposition von (jungen) Frauen und M\u00e4nnern sich Rechtsextremismus, militant-islamistischem oder christlichem Fundamentalismus zuzuwenden. Einige Thesen:<\/p>\n<ul>\n<li>Es gibt geschlechtsspezifische Ideologien und Strategien von extremistischen Gruppen<\/li>\n<li>Teilweise vormoderne Rollenvorstellungen pr\u00e4gen rechtsextreme, islamistische und christlich-fundamentalistische Ideologien<\/li>\n<li>Die Beteiligung von jungen M\u00e4nnern und Frauen an&nbsp; extremistischen Gruppen ist geschlechtsspezifisch<\/li>\n<li>M\u00e4dchen und Frauen werden nicht als politisch aktive Extremistinnen wahr- bzw. ernstgenommen. Das erleichtert ihren strategischen Einsatz, ob f\u00fcr die Gemeinwesen- und \u00d6ffentlichkeitsarbeit oder Bombenattentate<\/li>\n<li>Konfliktreiche Gender-Thematiken sind oftmals eine der Ursachen daf\u00fcr, dass junge M\u00e4nner und Frauen sich extremistischen Szenen zu wenden<\/li>\n<li>Sexismus, Homophobie und Ungleichwertigkeitsvorstellungen von Frauen und M\u00e4nnern sind wesentlicher Teil rechtsextremer, islamistischer und christlich-fundamentalistischer Ideologien<\/li>\n<\/ul>\n<p style=\"text-align: justify;\">Im Rahmen des Projekts &#8222;WomEx&#8220;, gef\u00f6rdert durch das ISEC Programm der EU und die Bundeszentrale f\u00fcr politische Bildung wurden Literatur und Forschung in diesem Bereich ausgewertet, Gespr\u00e4che mit Expert_innen und Praktiker_innen gef\u00fchrt und die Situation von jungen Frauen, die sich rechtsextremen und religi\u00f6s extremistischen Kontexten zuwenden, untersucht. Mehr Informationen zum Projekt WomEx <a title=\"Das Projekt \u201cWomEx\u201d\" href=\"http:\/\/www.womex.org\/uber-uns\/das-projekt\/\">hier<\/a><\/p>\n<p><div class=\"divider\"><\/div> <div class=\"divider\"><\/div><\/p>\n<h2>Ergebnisse des Projekts WomEx<\/h2>\n<div class=\"divider\"><\/div>\n<ul>\n<li>die Vernetzung von (internationalen) Akteurinnen und Akteuren in diesem Themenfeld<\/li>\n<li>Empfehlungen f\u00fcr die genderfokussierte Arbeit mit rechtsextremen bzw. militant islamistischen (jungen) Frauen und M\u00e4nnern in verschiedenen relevanten Handlungsfeldern f\u00fcr die Pr\u00e4ventions- und Distanzierungsarbeit <a title=\"Arbeitsfelder\" href=\"http:\/\/www.womex.org\/erfolgreiche-praxis_arbeitsfelder\/\" target=\"_blank\" rel=\"noopener\">Erfolgreiche Praxis &gt; Arbeitsfelder<\/a><\/li>\n<li>Fallgeschichten in sozialr\u00e4umlicher Perspektive <a title=\"Fallgeschichten\" href=\"http:\/\/www.womex.org\/erfolgreiche-praxis_fallgeschichten\/\" target=\"_blank\" rel=\"noopener\">Erfolgreiche Praxis &gt; Fallgeschichten<\/a><\/li>\n<li>Erfolgversprechende genderbewusste Praxismethoden f\u00fcr die Arbeit mit rechtsextremen, bzw. militant religi\u00f6s-fundamentalistischen (jungen) Frauen und M\u00e4nnern <a title=\"Praxisbeispiele \/ Projekte\" href=\"http:\/\/www.womex.org\/erfolgreiche-praxis_praxisbeispiele\/\" target=\"_blank\" rel=\"noopener\">Erfolgreiche Praxis &gt; Praxisbeispiele \/ Projekte<\/a><\/li>\n<li>die Entwicklung und Erprobung von Fortbildungsmodulen f\u00fcr unterschiedliche Zielgruppen, u.a. in Zusammenarbeit mit Prof. Dr. Michaela K\u00f6ttig von der FH Frankfurt (Main) <a title=\"Fortbildungen\" href=\"http:\/\/www.womex.org\/erfolgreiche-praxis_arbeitsfelder\/erfolgreiche-praxis_fortbildungen\/\" target=\"_blank\" rel=\"noopener\">Erfolgreiche Praxis &gt; Fortbildungen<\/a><\/li>\n<li>die Sammlung und Darstellung von bestehenden Fortbildungsangeboten sowie Aktivit\u00e4ten\/ Fachkonferenzen zum Thema Frauen, Gender und Rechtsextremismus <a title=\"Termine\" href=\"http:\/\/www.womex.org\/termine\/\" target=\"_blank\" rel=\"noopener\">Termine <\/a><\/li>\n<li>der Hinweis auf markante Geschehnisse und Neuerungen&nbsp; in Europa und weltweit, die im Zusammenhang mit Genderaspekten, Gruppenbezogener Menschenfeindlichkeit und Extremismen auch aus der Mitte der Gesellschaft stehen <a title=\"Aktuell\" href=\"http:\/\/www.womex.org\/aktuell\/\" target=\"_blank\" rel=\"noopener\">Aktuell<\/a><\/li>\n<\/ul>\n<p style=\"text-align: justify;\">\u00dcber Hinweise, die diese Seite noch bereichern freuen wir uns sehr (info@cultures-interactive, Betr. WomEx Homepage)<\/p>\n","protected":false},"excerpt":{"rendered":"<p>Gender ist ein entscheidender Faktor bei der ideologischen Auspr\u00e4gung und bei der Disposition von (jungen) Frauen und M\u00e4nnern sich Rechtsextremismus, militant-islamistischem oder christlichem Fundamentalismus zuzuwenden. Einige Thesen: Es gibt geschlechtsspezifische Ideologien und Strategien von extremistischen &hellip; <a href=\"http:\/\/www.womex.org\/de\/\">Weiterlesen<\/a><\/p>\n","protected":false},"author":1,"featured_media":0,"parent":0,"menu_order":0,"comment_status":"closed","ping_status":"closed","template":"nosidebar.php","meta":[],"_links":{"self":[{"href":"http:\/\/www.womex.org\/de\/wp-json\/wp\/v2\/pages\/393"}],"collection":[{"href":"http:\/\/www.womex.org\/de\/wp-json\/wp\/v2\/pages"}],"about":[{"href":"http:\/\/www.womex.org\/de\/wp-json\/wp\/v2\/types\/page"}],"author":[{"embeddable":true,"href":"http:\/\/www.womex.org\/de\/wp-json\/wp\/v2\/users\/1"}],"replies":[{"embeddable":true,"href":"http:\/\/www.womex.org\/de\/wp-json\/wp\/v2\/comments?post=393"}],"version-history":[{"count":28,"href":"http:\/\/www.womex.org\/de\/wp-json\/wp\/v2\/pages\/393\/revisions"}],"predecessor-version":[{"id":2449,"href":"http:\/\/www.womex.org\/de\/wp-json\/wp\/v2\/pages\/393\/revisions\/2449"}],"wp:attachment":[{"href":"http:\/\/www.womex.org\/de\/wp-json\/wp\/v2\/media?parent=393"}],"curies":[{"name":"wp","href":"https:\/\/api.w.org\/{rel}","templated":true}]}}