{"id":42,"date":"2014-02-26T15:12:04","date_gmt":"2014-02-26T13:12:04","guid":{"rendered":"http:\/\/www.womex.org\/?page_id=42"},"modified":"2014-11-06T13:56:19","modified_gmt":"2014-11-06T11:56:19","slug":"deutsch-impressum","status":"publish","type":"page","link":"http:\/\/www.womex.org\/de\/service\/deutsch-impressum\/","title":{"rendered":"Presse"},"content":{"rendered":"<p>Achtung! Dieser Blindtext wird gerade durch 130 Millionen Rezeptoren Ihrer Netzhaut erfasst. Die Zellen werden dadurch in einen Erregungszustand versetzt, der sich \u00fcber den Sehnerv in dem hinteren Teil Ihres Gehirns ausbreitet. Von dort aus \u00fcbertr\u00e4gt sich die Erregung in Sekundenbruchteilen auch in andere Bereiche Ihres Grosshirns.<\/p>\n","protected":false},"excerpt":{"rendered":"<p>Achtung! Dieser Blindtext wird gerade durch 130 Millionen Rezeptoren Ihrer Netzhaut erfasst. Die Zellen werden dadurch in einen Erregungszustand versetzt, der sich \u00fcber den Sehnerv in dem hinteren Teil Ihres Gehirns ausbreitet. Von dort aus &hellip; <a href=\"http:\/\/www.womex.org\/de\/service\/deutsch-impressum\/\">Weiterlesen<\/a><\/p>\n","protected":false},"author":1,"featured_media":0,"parent":63,"menu_order":0,"comment_status":"closed","ping_status":"closed","template":"","meta":[],"_links":{"self":[{"href":"http:\/\/www.womex.org\/de\/wp-json\/wp\/v2\/pages\/42"}],"collection":[{"href":"http:\/\/www.womex.org\/de\/wp-json\/wp\/v2\/pages"}],"about":[{"href":"http:\/\/www.womex.org\/de\/wp-json\/wp\/v2\/types\/page"}],"author":[{"embeddable":true,"href":"http:\/\/www.womex.org\/de\/wp-json\/wp\/v2\/users\/1"}],"replies":[{"embeddable":true,"href":"http:\/\/www.womex.org\/de\/wp-json\/wp\/v2\/comments?post=42"}],"version-history":[{"count":5,"href":"http:\/\/www.womex.org\/de\/wp-json\/wp\/v2\/pages\/42\/revisions"}],"predecessor-version":[{"id":158,"href":"http:\/\/www.womex.org\/de\/wp-json\/wp\/v2\/pages\/42\/revisions\/158"}],"up":[{"embeddable":true,"href":"http:\/\/www.womex.org\/de\/wp-json\/wp\/v2\/pages\/63"}],"wp:attachment":[{"href":"http:\/\/www.womex.org\/de\/wp-json\/wp\/v2\/media?parent=42"}],"curies":[{"name":"wp","href":"https:\/\/api.w.org\/{rel}","templated":true}]}}